{"id":647,"date":"2018-05-17T11:24:55","date_gmt":"2018-05-17T11:24:55","guid":{"rendered":"http:\/\/www.modelaren.sk\/5-ose-cnc-obrabanie\/"},"modified":"2018-08-28T11:09:46","modified_gmt":"2018-08-28T11:09:46","slug":"5-axis-cnc-machining","status":"publish","type":"page","link":"https:\/\/www.modelaren.sk\/en\/5-axis-cnc-machining\/","title":{"rendered":"5-axis CNC machining"},"content":{"rendered":"<div id=\"pl-647\"  class=\"panel-layout\" ><div id=\"pg-647-0\"  class=\"panel-grid panel-has-style\" ><div class=\"panel-row-style panel-row-style-for-647-0\" ><div id=\"pgc-647-0-0\"  class=\"panel-grid-cell\" ><div id=\"panel-647-0-0-0\" class=\"so-panel widget widget_sow-editor panel-first-child panel-last-child\" data-index=\"0\" ><div\n\t\t\t\n\t\t\tclass=\"so-widget-sow-editor so-widget-sow-editor-base\"\n\t\t\t\n\t\t>\n<div class=\"siteorigin-widget-tinymce textwidget\">\n\t<header class=\"has-line\">\n<h2><strong>5-AXIS CNC MACHINING<\/strong><\/h2>\n<\/header>\n<div class=\"content-side-offset\">\n<h3><strong>We are equipped with the up-to-date <\/strong><strong>CNC machining centres for perfect and the most precise machining<\/strong><\/h3>\n<ul>\n<li>5-axis centre SAHOS (BRAY) - X-4000 Y-2200 Z-750,<\/li>\n<li>5-axis centre SAHOS (BRAY) - X-3000 Y-1500 Z-750,<\/li>\n<li>3-axis centre SAHOS (BRAY) - X-3000 Y-1500 Z-750,<\/li>\n<li>3-axis centre HAAS VF4-SS - X-1270 Y-508 Z-635.<\/li>\n<\/ul>\n<\/div>\n<\/div>\n<\/div><\/div><\/div><div id=\"pgc-647-0-1\"  class=\"panel-grid-cell\" ><div id=\"panel-647-0-1-0\" class=\"so-panel widget widget_sow-image panel-first-child panel-last-child\" data-index=\"1\" ><div\n\t\t\t\n\t\t\tclass=\"so-widget-sow-image so-widget-sow-image-default-8b5b6f678277-647\"\n\t\t\t\n\t\t>\n\n<div class=\"sow-image-container\">\n\t\t<img loading=\"lazy\" decoding=\"async\" src=\"https:\/\/www.modelaren.sk\/wp-content\/uploads\/2018\/06\/CNC-1.jpg\" width=\"1724\" height=\"1092\" srcset=\"https:\/\/www.modelaren.sk\/wp-content\/uploads\/2018\/06\/CNC-1.jpg 1724w, https:\/\/www.modelaren.sk\/wp-content\/uploads\/2018\/06\/CNC-1-300x190.jpg 300w, https:\/\/www.modelaren.sk\/wp-content\/uploads\/2018\/06\/CNC-1-768x486.jpg 768w, https:\/\/www.modelaren.sk\/wp-content\/uploads\/2018\/06\/CNC-1-1024x649.jpg 1024w, https:\/\/www.modelaren.sk\/wp-content\/uploads\/2018\/06\/CNC-1-480x304.jpg 480w, https:\/\/www.modelaren.sk\/wp-content\/uploads\/2018\/06\/CNC-1-992x628.jpg 992w, https:\/\/www.modelaren.sk\/wp-content\/uploads\/2018\/06\/CNC-1-1200x760.jpg 1200w\" sizes=\"auto, (max-width: 1724px) 100vw, 1724px\" alt=\"\" \t\tclass=\"so-widget-image\"\/>\n\t<\/div>\n\n<\/div><\/div><\/div><\/div><\/div><div id=\"pg-647-1\"  class=\"panel-grid panel-has-style\" ><div class=\"panel-row-style panel-row-style-for-647-1\" ><div id=\"pgc-647-1-0\"  class=\"panel-grid-cell\" ><div id=\"panel-647-1-0-0\" class=\"so-panel widget widget_sow-image panel-first-child panel-last-child\" data-index=\"2\" ><div\n\t\t\t\n\t\t\tclass=\"so-widget-sow-image so-widget-sow-image-default-8b5b6f678277-647\"\n\t\t\t\n\t\t>\n\n<div class=\"sow-image-container\">\n\t\t<img loading=\"lazy\" decoding=\"async\" src=\"https:\/\/www.modelaren.sk\/wp-content\/uploads\/2018\/06\/CNC-vyroba-frezovanie-kovove-diel-y-formy-v\u00fdlisky-lisovacie-n\u00e1stroje-kovov\u00e9-s\u00fa\u010diastky-opracovanie-duralu-opracovanie-odliatkov-.jpg\" width=\"435\" height=\"315\" srcset=\"https:\/\/www.modelaren.sk\/wp-content\/uploads\/2018\/06\/CNC-vyroba-frezovanie-kovove-diel-y-formy-v\u00fdlisky-lisovacie-n\u00e1stroje-kovov\u00e9-s\u00fa\u010diastky-opracovanie-duralu-opracovanie-odliatkov-.jpg 435w, https:\/\/www.modelaren.sk\/wp-content\/uploads\/2018\/06\/CNC-vyroba-frezovanie-kovove-diel-y-formy-v\u00fdlisky-lisovacie-n\u00e1stroje-kovov\u00e9-s\u00fa\u010diastky-opracovanie-duralu-opracovanie-odliatkov--300x217.jpg 300w\" sizes=\"auto, (max-width: 435px) 100vw, 435px\" alt=\"\" \t\tclass=\"so-widget-image\"\/>\n\t<\/div>\n\n<\/div><\/div><\/div><div id=\"pgc-647-1-1\"  class=\"panel-grid-cell\" ><div id=\"panel-647-1-1-0\" class=\"so-panel widget widget_sow-editor panel-first-child panel-last-child\" data-index=\"3\" ><div\n\t\t\t\n\t\t\tclass=\"so-widget-sow-editor so-widget-sow-editor-base\"\n\t\t\t\n\t\t>\n<div class=\"siteorigin-widget-tinymce textwidget\">\n\t<div class=\"content-side-offset\">\n<h3><strong>We can process the following materials<\/strong><\/h3>\n<p>- wood - metal,<br \/>\n- aluminium,<br \/>\n- duralumin,<br \/>\n- block material,<br \/>\n- artificial wood,<br \/>\n- casting substances,<br \/>\n- epoxy substances,<br \/>\n- polystyrene EPS, EPP.<\/p>\n<\/div>\n<\/div>\n<\/div><\/div><\/div><\/div><\/div><div id=\"pg-647-2\"  class=\"panel-grid panel-has-style\" ><div class=\"panel-row-style panel-row-style-for-647-2\" ><div id=\"pgc-647-2-0\"  class=\"panel-grid-cell panel-grid-cell-empty\" ><\/div><div id=\"pgc-647-2-1\"  class=\"panel-grid-cell panel-grid-cell-mobile-last\" ><div id=\"panel-647-2-1-0\" class=\"so-panel widget widget_sow-editor panel-first-child panel-last-child\" data-index=\"4\" ><div\n\t\t\t\n\t\t\tclass=\"so-widget-sow-editor so-widget-sow-editor-base\"\n\t\t\t\n\t\t>\n<div class=\"siteorigin-widget-tinymce textwidget\">\n\t<h2 style=\"text-align: center;\"><strong>\u201cThanks to our machinery equipment we can process and produce technologically sophisticated products<\/strong><strong>\u201d <\/strong><\/h2>\n<\/div>\n<\/div><\/div><\/div><div id=\"pgc-647-2-2\"  class=\"panel-grid-cell panel-grid-cell-empty\" ><\/div><\/div><\/div><\/div>","protected":false},"excerpt":{"rendered":"<p>5-AXIS CNC MACHINING We are equipped with the up-to-date CNC machining centres for perfect and the most precise machining 5-axis centre SAHOS (BRAY) &#8211; X-4000 Y-2200 Z-750, 5-axis centre SAHOS (BRAY) &#8211; X-3000 Y-1500 Z-750, 3-axis centre SAHOS (BRAY) &#8211; X-3000 Y-1500 Z-750, 3-axis centre HAAS VF4-SS &#8211; X-1270 Y-508 Z-635. We can process the [&hellip;]<\/p>\n","protected":false},"author":3,"featured_media":404,"parent":0,"menu_order":0,"comment_status":"closed","ping_status":"closed","template":"","meta":{"footnotes":""},"class_list":["post-647","page","type-page","status-publish","has-post-thumbnail","hentry"],"_links":{"self":[{"href":"https:\/\/www.modelaren.sk\/en\/wp-json\/wp\/v2\/pages\/647","targetHints":{"allow":["GET"]}}],"collection":[{"href":"https:\/\/www.modelaren.sk\/en\/wp-json\/wp\/v2\/pages"}],"about":[{"href":"https:\/\/www.modelaren.sk\/en\/wp-json\/wp\/v2\/types\/page"}],"author":[{"embeddable":true,"href":"https:\/\/www.modelaren.sk\/en\/wp-json\/wp\/v2\/users\/3"}],"replies":[{"embeddable":true,"href":"https:\/\/www.modelaren.sk\/en\/wp-json\/wp\/v2\/comments?post=647"}],"version-history":[{"count":13,"href":"https:\/\/www.modelaren.sk\/en\/wp-json\/wp\/v2\/pages\/647\/revisions"}],"predecessor-version":[{"id":903,"href":"https:\/\/www.modelaren.sk\/en\/wp-json\/wp\/v2\/pages\/647\/revisions\/903"}],"wp:featuredmedia":[{"embeddable":true,"href":"https:\/\/www.modelaren.sk\/en\/wp-json\/wp\/v2\/media\/404"}],"wp:attachment":[{"href":"https:\/\/www.modelaren.sk\/en\/wp-json\/wp\/v2\/media?parent=647"}],"curies":[{"name":"wp","href":"https:\/\/api.w.org\/{rel}","templated":true}]}}