{"id":634,"date":"2018-05-17T11:05:24","date_gmt":"2018-05-17T11:05:24","guid":{"rendered":"http:\/\/www.modelaren.sk\/odliatky\/"},"modified":"2018-08-28T11:10:48","modified_gmt":"2018-08-28T11:10:48","slug":"castings","status":"publish","type":"page","link":"https:\/\/www.modelaren.sk\/en\/castings\/","title":{"rendered":"Castings"},"content":{"rendered":"<div id=\"pl-634\"  class=\"panel-layout\" ><div id=\"pg-634-0\"  class=\"panel-grid panel-has-style\" ><div class=\"panel-row-style panel-row-style-for-634-0\" ><div id=\"pgc-634-0-0\"  class=\"panel-grid-cell\" ><div id=\"panel-634-0-0-0\" class=\"so-panel widget widget_sow-editor panel-first-child panel-last-child\" data-index=\"0\" ><div\n\t\t\t\n\t\t\tclass=\"so-widget-sow-editor so-widget-sow-editor-base\"\n\t\t\t\n\t\t>\n<div class=\"siteorigin-widget-tinymce textwidget\">\n\t<header class=\"has-line\">\n<h2 class=\"content-section-title\">Castings<\/h2>\n<\/header>\n<div class=\"content-side-offset\">\n<h3>We produce castings for single-part and mass production<\/h3>\n<ul>\n<li>The manufacture is done pursuant to the delivered drawing documentation, 3D data or according to a patterned piece of the casting.<\/li>\n<li>At the delivered patterned piece, we can use reverse engineering technology by means of the 3D scanner.<\/li>\n<\/ul>\n<\/div>\n<\/div>\n<\/div><\/div><\/div><div id=\"pgc-634-0-1\"  class=\"panel-grid-cell\" ><div id=\"panel-634-0-1-0\" class=\"so-panel widget widget_sow-image panel-first-child panel-last-child\" data-index=\"1\" ><div\n\t\t\t\n\t\t\tclass=\"so-widget-sow-image so-widget-sow-image-default-8b5b6f678277-634\"\n\t\t\t\n\t\t>\n\n<div class=\"sow-image-container\">\n\t\t<img loading=\"lazy\" decoding=\"async\" src=\"https:\/\/www.modelaren.sk\/wp-content\/uploads\/2018\/06\/Odliatok-1.png\" width=\"1024\" height=\"604\" srcset=\"https:\/\/www.modelaren.sk\/wp-content\/uploads\/2018\/06\/Odliatok-1.png 1024w, https:\/\/www.modelaren.sk\/wp-content\/uploads\/2018\/06\/Odliatok-1-300x177.png 300w, https:\/\/www.modelaren.sk\/wp-content\/uploads\/2018\/06\/Odliatok-1-768x453.png 768w, https:\/\/www.modelaren.sk\/wp-content\/uploads\/2018\/06\/Odliatok-1-480x283.png 480w, https:\/\/www.modelaren.sk\/wp-content\/uploads\/2018\/06\/Odliatok-1-992x585.png 992w\" sizes=\"auto, (max-width: 1024px) 100vw, 1024px\" alt=\"\" \t\tclass=\"so-widget-image\"\/>\n\t<\/div>\n\n<\/div><\/div><\/div><\/div><\/div><div id=\"pg-634-1\"  class=\"panel-grid panel-has-style\" ><div class=\"panel-row-style panel-row-style-for-634-1\" ><div id=\"pgc-634-1-0\"  class=\"panel-grid-cell\" ><div id=\"panel-634-1-0-0\" class=\"so-panel widget widget_sow-image panel-first-child panel-last-child\" data-index=\"2\" ><div\n\t\t\t\n\t\t\tclass=\"so-widget-sow-image so-widget-sow-image-default-8b5b6f678277-634\"\n\t\t\t\n\t\t>\n\n<div class=\"sow-image-container\">\n\t\t<img loading=\"lazy\" decoding=\"async\" src=\"https:\/\/www.modelaren.sk\/wp-content\/uploads\/2018\/06\/Odliatok-dod\u00e1vka-odliatkov-oprava-strojov-prevodovka-odliatok-modelov\u00e9-zariadenia-odliatky-tv\u00e1rna-liatina-\u0161ed\u00e1-liatina1.png\" width=\"500\" height=\"376\" srcset=\"https:\/\/www.modelaren.sk\/wp-content\/uploads\/2018\/06\/Odliatok-dod\u00e1vka-odliatkov-oprava-strojov-prevodovka-odliatok-modelov\u00e9-zariadenia-odliatky-tv\u00e1rna-liatina-\u0161ed\u00e1-liatina1.png 500w, https:\/\/www.modelaren.sk\/wp-content\/uploads\/2018\/06\/Odliatok-dod\u00e1vka-odliatkov-oprava-strojov-prevodovka-odliatok-modelov\u00e9-zariadenia-odliatky-tv\u00e1rna-liatina-\u0161ed\u00e1-liatina1-300x226.png 300w, https:\/\/www.modelaren.sk\/wp-content\/uploads\/2018\/06\/Odliatok-dod\u00e1vka-odliatkov-oprava-strojov-prevodovka-odliatok-modelov\u00e9-zariadenia-odliatky-tv\u00e1rna-liatina-\u0161ed\u00e1-liatina1-480x361.png 480w\" sizes=\"auto, (max-width: 500px) 100vw, 500px\" alt=\"\" \t\tclass=\"so-widget-image\"\/>\n\t<\/div>\n\n<\/div><\/div><\/div><div id=\"pgc-634-1-1\"  class=\"panel-grid-cell\" ><div id=\"panel-634-1-1-0\" class=\"so-panel widget widget_sow-image panel-first-child panel-last-child\" data-index=\"3\" ><div\n\t\t\t\n\t\t\tclass=\"so-widget-sow-image so-widget-sow-image-default-8b5b6f678277-634\"\n\t\t\t\n\t\t>\n\n<div class=\"sow-image-container\">\n\t\t<img loading=\"lazy\" decoding=\"async\" src=\"https:\/\/www.modelaren.sk\/wp-content\/uploads\/2018\/06\/Odliatok-dod\u00e1vka-odliatkov-oprava-strojov-prevodovka-odliatok-modelov\u00e9-zariadenia-odliatky-tv\u00e1rna-liatina-\u0161ed\u00e1-liatina-tryska-do-pece-vigas-vigas-tryska.png\" width=\"550\" height=\"367\" srcset=\"https:\/\/www.modelaren.sk\/wp-content\/uploads\/2018\/06\/Odliatok-dod\u00e1vka-odliatkov-oprava-strojov-prevodovka-odliatok-modelov\u00e9-zariadenia-odliatky-tv\u00e1rna-liatina-\u0161ed\u00e1-liatina-tryska-do-pece-vigas-vigas-tryska.png 550w, https:\/\/www.modelaren.sk\/wp-content\/uploads\/2018\/06\/Odliatok-dod\u00e1vka-odliatkov-oprava-strojov-prevodovka-odliatok-modelov\u00e9-zariadenia-odliatky-tv\u00e1rna-liatina-\u0161ed\u00e1-liatina-tryska-do-pece-vigas-vigas-tryska-300x200.png 300w, https:\/\/www.modelaren.sk\/wp-content\/uploads\/2018\/06\/Odliatok-dod\u00e1vka-odliatkov-oprava-strojov-prevodovka-odliatok-modelov\u00e9-zariadenia-odliatky-tv\u00e1rna-liatina-\u0161ed\u00e1-liatina-tryska-do-pece-vigas-vigas-tryska-480x320.png 480w, https:\/\/www.modelaren.sk\/wp-content\/uploads\/2018\/06\/Odliatok-dod\u00e1vka-odliatkov-oprava-strojov-prevodovka-odliatok-modelov\u00e9-zariadenia-odliatky-tv\u00e1rna-liatina-\u0161ed\u00e1-liatina-tryska-do-pece-vigas-vigas-tryska-272x182.png 272w\" sizes=\"auto, (max-width: 550px) 100vw, 550px\" alt=\"\" \t\tclass=\"so-widget-image\"\/>\n\t<\/div>\n\n<\/div><\/div><\/div><\/div><\/div><div id=\"pg-634-2\"  class=\"panel-grid panel-has-style\" ><div class=\"siteorigin-panels-stretch panel-row-style panel-row-style-for-634-2\" data-stretch-type=\"full\" ><div id=\"pgc-634-2-0\"  class=\"panel-grid-cell panel-grid-cell-empty\" ><\/div><div id=\"pgc-634-2-1\"  class=\"panel-grid-cell\" ><div id=\"panel-634-2-1-0\" class=\"so-panel widget widget_sow-editor panel-first-child panel-last-child\" data-index=\"4\" ><div\n\t\t\t\n\t\t\tclass=\"so-widget-sow-editor so-widget-sow-editor-base\"\n\t\t\t\n\t\t>\n<div class=\"siteorigin-widget-tinymce textwidget\">\n\t<p>&nbsp;<\/p>\n<p>&nbsp;<\/p>\n<p><strong>We deliver castings produced of the following materials:<\/strong><\/p>\n<p>- ductile cast iron,<br \/>\n- grey cast iron,<br \/>\n- cast steel,<br \/>\n- non-ferrous metals,<br \/>\n- Al-castings.<\/p>\n<p><strong>Manufacturing the following patterns for the artistic and garden architecture with complete delivery of the castings is an integral part of the production: <\/strong><\/p>\n<p>- historical columns,<br \/>\n- tree grates,<br \/>\n- cast iron flower-pots,<br \/>\n- park columns,<br \/>\n- park benches,<br \/>\n- others.<\/p>\n<p>&nbsp;<\/p>\n<\/div>\n<\/div><\/div><\/div><\/div><\/div><div id=\"pg-634-3\"  class=\"panel-grid panel-has-style\" ><div class=\"panel-row-style panel-row-style-for-634-3\" ><div id=\"pgc-634-3-0\"  class=\"panel-grid-cell panel-grid-cell-empty\" ><\/div><div id=\"pgc-634-3-1\"  class=\"panel-grid-cell panel-grid-cell-mobile-last\" ><div id=\"panel-634-3-1-0\" class=\"so-panel widget widget_sow-editor panel-first-child panel-last-child\" data-index=\"5\" ><div\n\t\t\t\n\t\t\tclass=\"so-widget-sow-editor so-widget-sow-editor-base\"\n\t\t\t\n\t\t>\n<div class=\"siteorigin-widget-tinymce textwidget\">\n\t<h2 style=\"text-align: center;\"><strong>\u201cWith our pattern devices, your castings will be of the best quality\u201d <\/strong><\/h2>\n<\/div>\n<\/div><\/div><\/div><div id=\"pgc-634-3-2\"  class=\"panel-grid-cell panel-grid-cell-empty\" ><\/div><\/div><\/div><\/div>","protected":false},"excerpt":{"rendered":"<p>Castings We produce castings for single-part and mass production The manufacture is done pursuant to the delivered drawing documentation, 3D data or according to a patterned piece of the casting. At the delivered patterned piece, we can use reverse engineering technology by means of the 3D scanner.<\/p>\n","protected":false},"author":3,"featured_media":404,"parent":0,"menu_order":0,"comment_status":"closed","ping_status":"closed","template":"","meta":{"footnotes":""},"class_list":["post-634","page","type-page","status-publish","has-post-thumbnail","hentry"],"_links":{"self":[{"href":"https:\/\/www.modelaren.sk\/en\/wp-json\/wp\/v2\/pages\/634","targetHints":{"allow":["GET"]}}],"collection":[{"href":"https:\/\/www.modelaren.sk\/en\/wp-json\/wp\/v2\/pages"}],"about":[{"href":"https:\/\/www.modelaren.sk\/en\/wp-json\/wp\/v2\/types\/page"}],"author":[{"embeddable":true,"href":"https:\/\/www.modelaren.sk\/en\/wp-json\/wp\/v2\/users\/3"}],"replies":[{"embeddable":true,"href":"https:\/\/www.modelaren.sk\/en\/wp-json\/wp\/v2\/comments?post=634"}],"version-history":[{"count":9,"href":"https:\/\/www.modelaren.sk\/en\/wp-json\/wp\/v2\/pages\/634\/revisions"}],"predecessor-version":[{"id":905,"href":"https:\/\/www.modelaren.sk\/en\/wp-json\/wp\/v2\/pages\/634\/revisions\/905"}],"wp:featuredmedia":[{"embeddable":true,"href":"https:\/\/www.modelaren.sk\/en\/wp-json\/wp\/v2\/media\/404"}],"wp:attachment":[{"href":"https:\/\/www.modelaren.sk\/en\/wp-json\/wp\/v2\/media?parent=634"}],"curies":[{"name":"wp","href":"https:\/\/api.w.org\/{rel}","templated":true}]}}