{"id":629,"date":"2018-05-17T08:24:24","date_gmt":"2018-05-17T08:24:24","guid":{"rendered":"http:\/\/www.modelaren.sk\/modelove-zariadenia\/"},"modified":"2018-08-28T11:13:20","modified_gmt":"2018-08-28T11:13:20","slug":"pattern-devices","status":"publish","type":"page","link":"https:\/\/www.modelaren.sk\/en\/pattern-devices\/","title":{"rendered":"Pattern devices"},"content":{"rendered":"<div id=\"pl-629\"  class=\"panel-layout\" ><div id=\"pg-629-0\"  class=\"panel-grid panel-has-style\" ><div class=\"panel-row-style panel-row-style-for-629-0\" ><div id=\"pgc-629-0-0\"  class=\"panel-grid-cell\" ><div id=\"panel-629-0-0-0\" class=\"so-panel widget widget_sow-editor panel-first-child panel-last-child\" data-index=\"0\" ><div\n\t\t\t\n\t\t\tclass=\"so-widget-sow-editor so-widget-sow-editor-base\"\n\t\t\t\n\t\t>\n<div class=\"siteorigin-widget-tinymce textwidget\">\n\t<header class=\"has-line\">\n<h2 class=\"content-section-title\">PATTERN DEVICES<br \/>\n\/FOUNDRY PATTERNS<\/h2>\n<\/header>\n<div class=\"content-side-offset\">\n<h3>We produce pattern devices for both single-part and mass production<\/h3>\n<ul>\n<li>We produce pattern devices including core boxes for the cores creation.<\/li>\n<li>The production is in accordance with standard DIN (\u010cSN) EN 12890, according to the customer\u00b4s requirements and according to the complete foundry technology.<\/li>\n<li>It is possible to produce patterns for a casting also according to the existing damaged castings by means of reverse engineering method (3D scanning).<\/li>\n<li>We produce from small dimensions to large pattern devices.<\/li>\n<\/ul>\n<\/div>\n<\/div>\n<\/div><\/div><\/div><div id=\"pgc-629-0-1\"  class=\"panel-grid-cell\" ><div id=\"panel-629-0-1-0\" class=\"so-panel widget widget_sow-image panel-first-child panel-last-child\" data-index=\"1\" ><div\n\t\t\t\n\t\t\tclass=\"so-widget-sow-image so-widget-sow-image-default-8b5b6f678277-629\"\n\t\t\t\n\t\t>\n\n<div class=\"sow-image-container\">\n\t\t<img loading=\"lazy\" decoding=\"async\" src=\"https:\/\/www.modelaren.sk\/wp-content\/uploads\/2018\/05\/Model-1-e1527492559544.png\" width=\"1200\" height=\"800\" sizes=\"auto, (max-width: 1200px) 100vw, 1200px\" alt=\"\" \t\tclass=\"so-widget-image\"\/>\n\t<\/div>\n\n<\/div><\/div><\/div><\/div><\/div><div id=\"pg-629-1\"  class=\"panel-grid panel-no-style\" ><div id=\"pgc-629-1-0\"  class=\"panel-grid-cell\" ><div id=\"panel-629-1-0-0\" class=\"so-panel widget widget_sow-image panel-first-child panel-last-child\" data-index=\"2\" ><div\n\t\t\t\n\t\t\tclass=\"so-widget-sow-image so-widget-sow-image-default-8b5b6f678277-629\"\n\t\t\t\n\t\t>\n\n<div class=\"sow-image-container\">\n\t\t<img loading=\"lazy\" decoding=\"async\" src=\"https:\/\/www.modelaren.sk\/wp-content\/uploads\/2018\/06\/Modelov\u00e9-zariadenie-zlievarensk\u00fd-model-model-odliatky-odliatok-model\u00e1re\u0148-formy-forma-jadern\u00edk-jadern\u00edky-jadro-2.png\" width=\"700\" height=\"667\" srcset=\"https:\/\/www.modelaren.sk\/wp-content\/uploads\/2018\/06\/Modelov\u00e9-zariadenie-zlievarensk\u00fd-model-model-odliatky-odliatok-model\u00e1re\u0148-formy-forma-jadern\u00edk-jadern\u00edky-jadro-2.png 700w, https:\/\/www.modelaren.sk\/wp-content\/uploads\/2018\/06\/Modelov\u00e9-zariadenie-zlievarensk\u00fd-model-model-odliatky-odliatok-model\u00e1re\u0148-formy-forma-jadern\u00edk-jadern\u00edky-jadro-2-300x286.png 300w, https:\/\/www.modelaren.sk\/wp-content\/uploads\/2018\/06\/Modelov\u00e9-zariadenie-zlievarensk\u00fd-model-model-odliatky-odliatok-model\u00e1re\u0148-formy-forma-jadern\u00edk-jadern\u00edky-jadro-2-480x457.png 480w\" sizes=\"auto, (max-width: 700px) 100vw, 700px\" alt=\"\" \t\tclass=\"so-widget-image\"\/>\n\t<\/div>\n\n<\/div><\/div><\/div><div id=\"pgc-629-1-1\"  class=\"panel-grid-cell\" ><div id=\"panel-629-1-1-0\" class=\"so-panel widget widget_sow-image panel-first-child panel-last-child\" data-index=\"3\" ><div\n\t\t\t\n\t\t\tclass=\"so-widget-sow-image so-widget-sow-image-default-8b5b6f678277-629\"\n\t\t\t\n\t\t>\n\n<div class=\"sow-image-container\">\n\t\t<img loading=\"lazy\" decoding=\"async\" src=\"https:\/\/www.modelaren.sk\/wp-content\/uploads\/2018\/06\/Modelov\u00e9-zariadenie-zlievarensk\u00fd-model-model-odliatky-odliatok-model\u00e1re\u0148-formy-forma-jadern\u00edk-jadern\u00edky-jadro-3.png\" width=\"700\" height=\"529\" srcset=\"https:\/\/www.modelaren.sk\/wp-content\/uploads\/2018\/06\/Modelov\u00e9-zariadenie-zlievarensk\u00fd-model-model-odliatky-odliatok-model\u00e1re\u0148-formy-forma-jadern\u00edk-jadern\u00edky-jadro-3.png 700w, https:\/\/www.modelaren.sk\/wp-content\/uploads\/2018\/06\/Modelov\u00e9-zariadenie-zlievarensk\u00fd-model-model-odliatky-odliatok-model\u00e1re\u0148-formy-forma-jadern\u00edk-jadern\u00edky-jadro-3-300x227.png 300w, https:\/\/www.modelaren.sk\/wp-content\/uploads\/2018\/06\/Modelov\u00e9-zariadenie-zlievarensk\u00fd-model-model-odliatky-odliatok-model\u00e1re\u0148-formy-forma-jadern\u00edk-jadern\u00edky-jadro-3-480x363.png 480w\" sizes=\"auto, (max-width: 700px) 100vw, 700px\" alt=\"\" \t\tclass=\"so-widget-image\"\/>\n\t<\/div>\n\n<\/div><\/div><\/div><div id=\"pgc-629-1-2\"  class=\"panel-grid-cell\" ><div id=\"panel-629-1-2-0\" class=\"so-panel widget widget_sow-image panel-first-child panel-last-child\" data-index=\"4\" ><div\n\t\t\t\n\t\t\tclass=\"so-widget-sow-image so-widget-sow-image-default-8b5b6f678277-629\"\n\t\t\t\n\t\t>\n\n<div class=\"sow-image-container\">\n\t\t<img loading=\"lazy\" decoding=\"async\" src=\"https:\/\/www.modelaren.sk\/wp-content\/uploads\/2018\/06\/Modelov\u00e9-zariadenie-zlievarensk\u00fd-model-model-odliatky-odliatok-model\u00e1re\u0148-formy-forma-jadern\u00edk-jadern\u00edky-jadro-1.png\" width=\"700\" height=\"567\" srcset=\"https:\/\/www.modelaren.sk\/wp-content\/uploads\/2018\/06\/Modelov\u00e9-zariadenie-zlievarensk\u00fd-model-model-odliatky-odliatok-model\u00e1re\u0148-formy-forma-jadern\u00edk-jadern\u00edky-jadro-1.png 700w, https:\/\/www.modelaren.sk\/wp-content\/uploads\/2018\/06\/Modelov\u00e9-zariadenie-zlievarensk\u00fd-model-model-odliatky-odliatok-model\u00e1re\u0148-formy-forma-jadern\u00edk-jadern\u00edky-jadro-1-300x243.png 300w, https:\/\/www.modelaren.sk\/wp-content\/uploads\/2018\/06\/Modelov\u00e9-zariadenie-zlievarensk\u00fd-model-model-odliatky-odliatok-model\u00e1re\u0148-formy-forma-jadern\u00edk-jadern\u00edky-jadro-1-480x389.png 480w\" sizes=\"auto, (max-width: 700px) 100vw, 700px\" alt=\"test\" \t\tclass=\"so-widget-image\"\/>\n\t<\/div>\n\n<\/div><\/div><\/div><\/div><div id=\"pg-629-2\"  class=\"panel-grid panel-has-style\" ><div class=\"siteorigin-panels-stretch panel-row-style panel-row-style-for-629-2\" data-stretch-type=\"full\" ><div id=\"pgc-629-2-0\"  class=\"panel-grid-cell panel-grid-cell-empty\" ><\/div><div id=\"pgc-629-2-1\"  class=\"panel-grid-cell\" ><div id=\"panel-629-2-1-0\" class=\"so-panel widget widget_sow-editor panel-first-child panel-last-child\" data-index=\"5\" ><div\n\t\t\t\n\t\t\tclass=\"so-widget-sow-editor so-widget-sow-editor-base\"\n\t\t\t\n\t\t>\n<div class=\"siteorigin-widget-tinymce textwidget\">\n\t<p>&nbsp;<\/p>\n<p>&nbsp;<\/p>\n<p><strong>We produce pattern devices of the following materials:<\/strong><br \/>\n- wood,<br \/>\n- metal,<br \/>\n- block material,<br \/>\n- casting substances,<br \/>\n- epoxy substances,<br \/>\n- polystyrene EPS, EPP.<br \/>\n<strong>We produce pattern devices for pattern moulding as follows:<\/strong><br \/>\n- manually,<br \/>\n- automatic moulding lines DISA, HWS, SAVELLI, FORROMAT, GEORG<br \/>\nFISCHER, K\u00dcNKEL-WAGNER.<br \/>\n<strong>The production of core boxes for the cores creation is a part of the production of pattern devices.<\/strong><br \/>\n<strong>Pattern moulding:<\/strong><br \/>\n- manually,<br \/>\n- machinely LAEMPE LL10,LL20.<br \/>\n<strong>Making a dimensional report is a matter of course.<\/strong><\/p>\n<p>&nbsp;<\/p>\n<p>&nbsp;<\/p>\n<\/div>\n<\/div><\/div><\/div><\/div><\/div><div id=\"pg-629-3\"  class=\"panel-grid panel-has-style\" ><div class=\"panel-row-style panel-row-style-for-629-3\" ><div id=\"pgc-629-3-0\"  class=\"panel-grid-cell panel-grid-cell-empty\" ><\/div><div id=\"pgc-629-3-1\"  class=\"panel-grid-cell panel-grid-cell-mobile-last\" ><div id=\"panel-629-3-1-0\" class=\"so-panel widget widget_sow-editor panel-first-child panel-last-child\" data-index=\"6\" ><div\n\t\t\t\n\t\t\tclass=\"so-widget-sow-editor so-widget-sow-editor-base\"\n\t\t\t\n\t\t>\n<div class=\"siteorigin-widget-tinymce textwidget\">\n\t<h2 style=\"text-align: center;\"><strong>\u201cYour castings will be in the best quality with our pattern devices\u201d <\/strong><\/h2>\n<\/div>\n<\/div><\/div><\/div><div id=\"pgc-629-3-2\"  class=\"panel-grid-cell panel-grid-cell-empty\" ><\/div><\/div><\/div><\/div>","protected":false},"excerpt":{"rendered":"<p>PATTERN DEVICES \/FOUNDRY PATTERNS We produce pattern devices for both single-part and mass production We produce pattern devices including core boxes for the cores creation. The production is in accordance with standard DIN (\u010cSN) EN 12890, according to the customer\u00b4s requirements and according to the complete foundry technology. It is possible to produce patterns for [&hellip;]<\/p>\n","protected":false},"author":3,"featured_media":404,"parent":0,"menu_order":0,"comment_status":"closed","ping_status":"closed","template":"","meta":{"footnotes":""},"class_list":["post-629","page","type-page","status-publish","has-post-thumbnail","hentry"],"_links":{"self":[{"href":"https:\/\/www.modelaren.sk\/en\/wp-json\/wp\/v2\/pages\/629","targetHints":{"allow":["GET"]}}],"collection":[{"href":"https:\/\/www.modelaren.sk\/en\/wp-json\/wp\/v2\/pages"}],"about":[{"href":"https:\/\/www.modelaren.sk\/en\/wp-json\/wp\/v2\/types\/page"}],"author":[{"embeddable":true,"href":"https:\/\/www.modelaren.sk\/en\/wp-json\/wp\/v2\/users\/3"}],"replies":[{"embeddable":true,"href":"https:\/\/www.modelaren.sk\/en\/wp-json\/wp\/v2\/comments?post=629"}],"version-history":[{"count":17,"href":"https:\/\/www.modelaren.sk\/en\/wp-json\/wp\/v2\/pages\/629\/revisions"}],"predecessor-version":[{"id":911,"href":"https:\/\/www.modelaren.sk\/en\/wp-json\/wp\/v2\/pages\/629\/revisions\/911"}],"wp:featuredmedia":[{"embeddable":true,"href":"https:\/\/www.modelaren.sk\/en\/wp-json\/wp\/v2\/media\/404"}],"wp:attachment":[{"href":"https:\/\/www.modelaren.sk\/en\/wp-json\/wp\/v2\/media?parent=629"}],"curies":[{"name":"wp","href":"https:\/\/api.w.org\/{rel}","templated":true}]}}