{"id":607,"date":"2018-05-30T08:45:06","date_gmt":"2018-05-30T08:45:06","guid":{"rendered":"http:\/\/www.modelaren.sk\/kompozity\/"},"modified":"2018-08-28T11:11:20","modified_gmt":"2018-08-28T11:11:20","slug":"composites","status":"publish","type":"page","link":"https:\/\/www.modelaren.sk\/en\/composites\/","title":{"rendered":"Composites"},"content":{"rendered":"<div id=\"pl-607\"  class=\"panel-layout\" ><div id=\"pg-607-0\"  class=\"panel-grid panel-has-style\" ><div class=\"panel-row-style panel-row-style-for-607-0\" ><div id=\"pgc-607-0-0\"  class=\"panel-grid-cell\" ><div id=\"panel-607-0-0-0\" class=\"so-panel widget widget_sow-editor panel-first-child panel-last-child\" data-index=\"0\" ><div\n\t\t\t\n\t\t\tclass=\"so-widget-sow-editor so-widget-sow-editor-base\"\n\t\t\t\n\t\t>\n<div class=\"siteorigin-widget-tinymce textwidget\">\n\t<h3>Production of composite materials consists of depositing the different layers of fabric or mats at each other and of progressive supersaturation with resin, which serves as a binding material. The resulting material is called composite.<\/h3>\n<div class=\"content-side-offset\">\n<ul>\n<li>It is used in the production of small butch parts or for the creation of special moulds for small butch production of approx. 250 pcs.<\/li>\n<li>By using various fibres we can manufacture solid parts of low weight, such as parts of carbon fibres, so-called carbon parts.<\/li>\n<li>It is possible to adjust the materials for use under specific conditions (thermal and\/or chemical resistance).<\/li>\n<li>Manufacture of special closed composite moulds for the hot production of parts.<\/li>\n<\/ul>\n<\/div>\n<\/div>\n<\/div><\/div><\/div><div id=\"pgc-607-0-1\"  class=\"panel-grid-cell\" ><div id=\"panel-607-0-1-0\" class=\"so-panel widget widget_sow-image panel-first-child panel-last-child\" data-index=\"1\" ><div\n\t\t\t\n\t\t\tclass=\"so-widget-sow-image so-widget-sow-image-default-8b5b6f678277-607\"\n\t\t\t\n\t\t>\n\n<div class=\"sow-image-container\">\n\t\t<img loading=\"lazy\" decoding=\"async\" src=\"https:\/\/www.modelaren.sk\/wp-content\/uploads\/2018\/06\/Kompozity-plastov\u00e9-diely-sklolamin\u00e1t-prepreg-technol\u00f3gialaminovan\u00e9-diely-ru\u010dn\u00e1-lamin\u00e1cia-RTM-technol\u00f3gia-modely-formy-plasty-MDF-formy4.png\" width=\"500\" height=\"375\" srcset=\"https:\/\/www.modelaren.sk\/wp-content\/uploads\/2018\/06\/Kompozity-plastov\u00e9-diely-sklolamin\u00e1t-prepreg-technol\u00f3gialaminovan\u00e9-diely-ru\u010dn\u00e1-lamin\u00e1cia-RTM-technol\u00f3gia-modely-formy-plasty-MDF-formy4.png 500w, https:\/\/www.modelaren.sk\/wp-content\/uploads\/2018\/06\/Kompozity-plastov\u00e9-diely-sklolamin\u00e1t-prepreg-technol\u00f3gialaminovan\u00e9-diely-ru\u010dn\u00e1-lamin\u00e1cia-RTM-technol\u00f3gia-modely-formy-plasty-MDF-formy4-300x225.png 300w, https:\/\/www.modelaren.sk\/wp-content\/uploads\/2018\/06\/Kompozity-plastov\u00e9-diely-sklolamin\u00e1t-prepreg-technol\u00f3gialaminovan\u00e9-diely-ru\u010dn\u00e1-lamin\u00e1cia-RTM-technol\u00f3gia-modely-formy-plasty-MDF-formy4-480x360.png 480w\" sizes=\"auto, (max-width: 500px) 100vw, 500px\" alt=\"\" \t\tclass=\"so-widget-image\"\/>\n\t<\/div>\n\n<\/div><\/div><\/div><\/div><\/div><div id=\"pg-607-1\"  class=\"panel-grid panel-no-style\" ><div id=\"pgc-607-1-0\"  class=\"panel-grid-cell\" ><div id=\"panel-607-1-0-0\" class=\"so-panel widget widget_sow-image panel-first-child panel-last-child\" data-index=\"2\" ><div\n\t\t\t\n\t\t\tclass=\"so-widget-sow-image so-widget-sow-image-default-8b5b6f678277-607\"\n\t\t\t\n\t\t>\n\n<div class=\"sow-image-container\">\n\t\t<img loading=\"lazy\" decoding=\"async\" src=\"https:\/\/www.modelaren.sk\/wp-content\/uploads\/2018\/06\/Kompozity-plastov\u00e9-diely-sklolamin\u00e1t-prepreg-technol\u00f3gialaminovan\u00e9-diely-ru\u010dn\u00e1-lamin\u00e1cia-RTM-technol\u00f3gia-modely-formy-plasty-MDF-formy2.png\" width=\"500\" height=\"282\" srcset=\"https:\/\/www.modelaren.sk\/wp-content\/uploads\/2018\/06\/Kompozity-plastov\u00e9-diely-sklolamin\u00e1t-prepreg-technol\u00f3gialaminovan\u00e9-diely-ru\u010dn\u00e1-lamin\u00e1cia-RTM-technol\u00f3gia-modely-formy-plasty-MDF-formy2.png 500w, https:\/\/www.modelaren.sk\/wp-content\/uploads\/2018\/06\/Kompozity-plastov\u00e9-diely-sklolamin\u00e1t-prepreg-technol\u00f3gialaminovan\u00e9-diely-ru\u010dn\u00e1-lamin\u00e1cia-RTM-technol\u00f3gia-modely-formy-plasty-MDF-formy2-300x169.png 300w, https:\/\/www.modelaren.sk\/wp-content\/uploads\/2018\/06\/Kompozity-plastov\u00e9-diely-sklolamin\u00e1t-prepreg-technol\u00f3gialaminovan\u00e9-diely-ru\u010dn\u00e1-lamin\u00e1cia-RTM-technol\u00f3gia-modely-formy-plasty-MDF-formy2-480x271.png 480w\" sizes=\"auto, (max-width: 500px) 100vw, 500px\" alt=\"\" \t\tclass=\"so-widget-image\"\/>\n\t<\/div>\n\n<\/div><\/div><\/div><div id=\"pgc-607-1-1\"  class=\"panel-grid-cell\" ><div id=\"panel-607-1-1-0\" class=\"so-panel widget widget_sow-image panel-first-child panel-last-child\" data-index=\"3\" ><div\n\t\t\t\n\t\t\tclass=\"so-widget-sow-image so-widget-sow-image-default-8b5b6f678277-607\"\n\t\t\t\n\t\t>\n\n<div class=\"sow-image-container\">\n\t\t<img loading=\"lazy\" decoding=\"async\" src=\"https:\/\/www.modelaren.sk\/wp-content\/uploads\/2018\/06\/Kompozity-plastov\u00e9-diely-sklolamin\u00e1t-prepreg-technol\u00f3gialaminovan\u00e9-diely-ru\u010dn\u00e1-lamin\u00e1cia-RTM-technol\u00f3gia-modely-formy-plasty-MDF-formy1-.png\" width=\"500\" height=\"282\" srcset=\"https:\/\/www.modelaren.sk\/wp-content\/uploads\/2018\/06\/Kompozity-plastov\u00e9-diely-sklolamin\u00e1t-prepreg-technol\u00f3gialaminovan\u00e9-diely-ru\u010dn\u00e1-lamin\u00e1cia-RTM-technol\u00f3gia-modely-formy-plasty-MDF-formy1-.png 500w, https:\/\/www.modelaren.sk\/wp-content\/uploads\/2018\/06\/Kompozity-plastov\u00e9-diely-sklolamin\u00e1t-prepreg-technol\u00f3gialaminovan\u00e9-diely-ru\u010dn\u00e1-lamin\u00e1cia-RTM-technol\u00f3gia-modely-formy-plasty-MDF-formy1--300x169.png 300w, https:\/\/www.modelaren.sk\/wp-content\/uploads\/2018\/06\/Kompozity-plastov\u00e9-diely-sklolamin\u00e1t-prepreg-technol\u00f3gialaminovan\u00e9-diely-ru\u010dn\u00e1-lamin\u00e1cia-RTM-technol\u00f3gia-modely-formy-plasty-MDF-formy1--480x271.png 480w\" sizes=\"auto, (max-width: 500px) 100vw, 500px\" alt=\"\" \t\tclass=\"so-widget-image\"\/>\n\t<\/div>\n\n<\/div><\/div><\/div><div id=\"pgc-607-1-2\"  class=\"panel-grid-cell\" ><div id=\"panel-607-1-2-0\" class=\"so-panel widget widget_sow-image panel-first-child panel-last-child\" data-index=\"4\" ><div\n\t\t\t\n\t\t\tclass=\"so-widget-sow-image so-widget-sow-image-default-8b5b6f678277-607\"\n\t\t\t\n\t\t>\n\n<div class=\"sow-image-container\">\n\t\t<img loading=\"lazy\" decoding=\"async\" src=\"https:\/\/www.modelaren.sk\/wp-content\/uploads\/2018\/06\/Kompozity-plastov\u00e9-diely-sklolamin\u00e1t-prepreg-technol\u00f3gialaminovan\u00e9-diely-ru\u010dn\u00e1-lamin\u00e1cia-RTM-technol\u00f3gia-modely-formy-plasty-MDF-formy-orez\u00e1vacia-forma-kopyto-forma-na-orezanie-plastu.png\" width=\"500\" height=\"375\" srcset=\"https:\/\/www.modelaren.sk\/wp-content\/uploads\/2018\/06\/Kompozity-plastov\u00e9-diely-sklolamin\u00e1t-prepreg-technol\u00f3gialaminovan\u00e9-diely-ru\u010dn\u00e1-lamin\u00e1cia-RTM-technol\u00f3gia-modely-formy-plasty-MDF-formy-orez\u00e1vacia-forma-kopyto-forma-na-orezanie-plastu.png 500w, https:\/\/www.modelaren.sk\/wp-content\/uploads\/2018\/06\/Kompozity-plastov\u00e9-diely-sklolamin\u00e1t-prepreg-technol\u00f3gialaminovan\u00e9-diely-ru\u010dn\u00e1-lamin\u00e1cia-RTM-technol\u00f3gia-modely-formy-plasty-MDF-formy-orez\u00e1vacia-forma-kopyto-forma-na-orezanie-plastu-300x225.png 300w, https:\/\/www.modelaren.sk\/wp-content\/uploads\/2018\/06\/Kompozity-plastov\u00e9-diely-sklolamin\u00e1t-prepreg-technol\u00f3gialaminovan\u00e9-diely-ru\u010dn\u00e1-lamin\u00e1cia-RTM-technol\u00f3gia-modely-formy-plasty-MDF-formy-orez\u00e1vacia-forma-kopyto-forma-na-orezanie-plastu-480x360.png 480w\" sizes=\"auto, (max-width: 500px) 100vw, 500px\" alt=\"\" \t\tclass=\"so-widget-image\"\/>\n\t<\/div>\n\n<\/div><\/div><\/div><\/div><\/div>","protected":false},"excerpt":{"rendered":"<p>Production of composite materials consists of depositing the different layers of fabric or mats at each other and of progressive supersaturation with resin, which serves as a binding material. The resulting material is called composite. It is used in the production of small butch parts or for the creation of special moulds for small butch [&hellip;]<\/p>\n","protected":false},"author":2,"featured_media":404,"parent":0,"menu_order":0,"comment_status":"closed","ping_status":"closed","template":"","meta":{"footnotes":""},"class_list":["post-607","page","type-page","status-publish","has-post-thumbnail","hentry"],"_links":{"self":[{"href":"https:\/\/www.modelaren.sk\/en\/wp-json\/wp\/v2\/pages\/607","targetHints":{"allow":["GET"]}}],"collection":[{"href":"https:\/\/www.modelaren.sk\/en\/wp-json\/wp\/v2\/pages"}],"about":[{"href":"https:\/\/www.modelaren.sk\/en\/wp-json\/wp\/v2\/types\/page"}],"author":[{"embeddable":true,"href":"https:\/\/www.modelaren.sk\/en\/wp-json\/wp\/v2\/users\/2"}],"replies":[{"embeddable":true,"href":"https:\/\/www.modelaren.sk\/en\/wp-json\/wp\/v2\/comments?post=607"}],"version-history":[{"count":9,"href":"https:\/\/www.modelaren.sk\/en\/wp-json\/wp\/v2\/pages\/607\/revisions"}],"predecessor-version":[{"id":907,"href":"https:\/\/www.modelaren.sk\/en\/wp-json\/wp\/v2\/pages\/607\/revisions\/907"}],"wp:featuredmedia":[{"embeddable":true,"href":"https:\/\/www.modelaren.sk\/en\/wp-json\/wp\/v2\/media\/404"}],"wp:attachment":[{"href":"https:\/\/www.modelaren.sk\/en\/wp-json\/wp\/v2\/media?parent=607"}],"curies":[{"name":"wp","href":"https:\/\/api.w.org\/{rel}","templated":true}]}}