{"id":804,"date":"2018-05-17T11:50:52","date_gmt":"2018-05-17T11:50:52","guid":{"rendered":"http:\/\/www.modelaren.sk\/3d-skenovanie\/"},"modified":"2018-09-21T14:39:19","modified_gmt":"2018-09-21T14:39:19","slug":"3d-scanning","status":"publish","type":"page","link":"https:\/\/www.modelaren.sk\/de\/3d-scanning\/","title":{"rendered":"3D scanning"},"content":{"rendered":"<div id=\"pl-804\"  class=\"panel-layout\" ><div id=\"pg-804-0\"  class=\"panel-grid panel-has-style\" ><div class=\"panel-row-style panel-row-style-for-804-0\" ><div id=\"pgc-804-0-0\"  class=\"panel-grid-cell\" ><div id=\"panel-804-0-0-0\" class=\"so-panel widget widget_sow-editor panel-first-child panel-last-child\" data-index=\"0\" ><div\n\t\t\t\n\t\t\tclass=\"so-widget-sow-editor so-widget-sow-editor-base\"\n\t\t\t\n\t\t>\n<div class=\"siteorigin-widget-tinymce textwidget\">\n\t<header class=\"has-line\">\n<h2 class=\"content-section-title\">3D scaninng<\/h2>\n<\/header>\n<div class=\"content-side-offset\">\n<h3>Mit Hilfe des 3D-Scanners, der die Digitalisierung von Objekten gew\u00e4hrleistet, bieten wir unseren Kunden folgendes an:<\/h3>\n<ul>\n<li>Reverse Engineering, d.h. Scanning eines physikalischen Produktes in ein Computer 3D-Modell,<\/li>\n<li>Fertigung von 3D-Daten,<\/li>\n<li>Abmessungsprotokolle.<\/li>\n<\/ul>\n<\/div>\n<\/div>\n<\/div><\/div><\/div><div id=\"pgc-804-0-1\"  class=\"panel-grid-cell\" ><div id=\"panel-804-0-1-0\" class=\"so-panel widget widget_sow-image panel-first-child panel-last-child\" data-index=\"1\" ><div\n\t\t\t\n\t\t\tclass=\"so-widget-sow-image so-widget-sow-image-default-8b5b6f678277-804\"\n\t\t\t\n\t\t>\n\n<div class=\"sow-image-container\">\n\t\t<img loading=\"lazy\" decoding=\"async\" src=\"https:\/\/www.modelaren.sk\/wp-content\/uploads\/2018\/05\/3D-skenovanie-3D-skenovanie-odliakov-3D-skenovanie-modelov-reverzne\u0301-inz\u030cinierstvo-3D-skenovanie-odliatku-Modela\u0301ren\u030c-Hronec.jpg\" width=\"600\" height=\"394\" srcset=\"https:\/\/www.modelaren.sk\/wp-content\/uploads\/2018\/05\/3D-skenovanie-3D-skenovanie-odliakov-3D-skenovanie-modelov-reverzne\u0301-inz\u030cinierstvo-3D-skenovanie-odliatku-Modela\u0301ren\u030c-Hronec.jpg 600w, https:\/\/www.modelaren.sk\/wp-content\/uploads\/2018\/05\/3D-skenovanie-3D-skenovanie-odliakov-3D-skenovanie-modelov-reverzne\u0301-inz\u030cinierstvo-3D-skenovanie-odliatku-Modela\u0301ren\u030c-Hronec-300x197.jpg 300w, https:\/\/www.modelaren.sk\/wp-content\/uploads\/2018\/05\/3D-skenovanie-3D-skenovanie-odliakov-3D-skenovanie-modelov-reverzne\u0301-inz\u030cinierstvo-3D-skenovanie-odliatku-Modela\u0301ren\u030c-Hronec-480x315.jpg 480w\" sizes=\"auto, (max-width: 600px) 100vw, 600px\" alt=\"\" \t\tclass=\"so-widget-image\"\/>\n\t<\/div>\n\n<\/div><\/div><\/div><\/div><\/div><div id=\"pg-804-1\"  class=\"panel-grid panel-has-style\" ><div class=\"siteorigin-panels-stretch panel-row-style panel-row-style-for-804-1\" data-stretch-type=\"full\" ><div id=\"pgc-804-1-0\"  class=\"panel-grid-cell panel-grid-cell-empty\" ><\/div><div id=\"pgc-804-1-1\"  class=\"panel-grid-cell\" ><div id=\"panel-804-1-1-0\" class=\"so-panel widget widget_sow-editor panel-first-child panel-last-child\" data-index=\"2\" ><div\n\t\t\t\n\t\t\tclass=\"so-widget-sow-editor so-widget-sow-editor-base\"\n\t\t\t\n\t\t>\n<div class=\"siteorigin-widget-tinymce textwidget\">\n\t<p>&nbsp;<\/p>\n<p>&nbsp;<\/p>\n<p><strong>Allgemeine Anwendung f\u00fcr verschiedene Gr\u00f6\u00dfen von gemessenen Objekten. Anwendungsm\u00f6glichkeit f\u00fcr die Kunden: <\/strong><\/p>\n<ul>\n<li>Qualit\u00e4tskontrolle der Produktion,<\/li>\n<li>Vergleichen der Realit\u00e4t mit 3D-Daten,<\/li>\n<li>\u00dcberweisung des realen Erzeugnisses in einen Computermodell.<\/li>\n<\/ul>\n<p>&nbsp;<\/p>\n<p>&nbsp;<\/p>\n<\/div>\n<\/div><\/div><\/div><\/div><\/div><div id=\"pg-804-2\"  class=\"panel-grid panel-has-style\" ><div class=\"panel-row-style panel-row-style-for-804-2\" ><div id=\"pgc-804-2-0\"  class=\"panel-grid-cell panel-grid-cell-empty\" ><\/div><div id=\"pgc-804-2-1\"  class=\"panel-grid-cell panel-grid-cell-mobile-last\" ><div id=\"panel-804-2-1-0\" class=\"so-panel widget widget_sow-editor panel-first-child panel-last-child\" data-index=\"3\" ><div\n\t\t\t\n\t\t\tclass=\"so-widget-sow-editor so-widget-sow-editor-base\"\n\t\t\t\n\t\t>\n<div class=\"siteorigin-widget-tinymce textwidget\">\n\t<h2 style=\"text-align: center;\"><strong>Vorwiegend kann die 3D-Scanning f\u00fcr die <b><span lang=\"DE\">Gie\u00dfereimodellbau<\/span><span lang=\"DE\">, Formenbau<\/span><\/b>, Gussst\u00fccke, Kunst- und historischen Objekte, externen und internen Teile als auch f\u00fcr die Automobil-, Luftfahrt- und andere Industrie ausgenutzt werden<\/strong><strong>\u201d<\/strong><\/h2>\n<\/div>\n<\/div><\/div><\/div><div id=\"pgc-804-2-2\"  class=\"panel-grid-cell panel-grid-cell-empty\" ><\/div><\/div><\/div><\/div>","protected":false},"excerpt":{"rendered":"<p>3D scaninng Mit Hilfe des 3D-Scanners, der die Digitalisierung von Objekten gew\u00e4hrleistet, bieten wir unseren Kunden folgendes an: Reverse Engineering, d.h. Scanning eines physikalischen Produktes in ein Computer 3D-Modell, Fertigung von 3D-Daten, Abmessungsprotokolle. &nbsp; &nbsp; Allgemeine Anwendung f\u00fcr verschiedene Gr\u00f6\u00dfen von gemessenen Objekten. Anwendungsm\u00f6glichkeit f\u00fcr die Kunden: Qualit\u00e4tskontrolle der Produktion, Vergleichen der Realit\u00e4t mit 3D-Daten, [&hellip;]<\/p>\n","protected":false},"author":3,"featured_media":404,"parent":0,"menu_order":0,"comment_status":"closed","ping_status":"closed","template":"","meta":{"footnotes":""},"class_list":["post-804","page","type-page","status-publish","has-post-thumbnail","hentry"],"_links":{"self":[{"href":"https:\/\/www.modelaren.sk\/de\/wp-json\/wp\/v2\/pages\/804","targetHints":{"allow":["GET"]}}],"collection":[{"href":"https:\/\/www.modelaren.sk\/de\/wp-json\/wp\/v2\/pages"}],"about":[{"href":"https:\/\/www.modelaren.sk\/de\/wp-json\/wp\/v2\/types\/page"}],"author":[{"embeddable":true,"href":"https:\/\/www.modelaren.sk\/de\/wp-json\/wp\/v2\/users\/3"}],"replies":[{"embeddable":true,"href":"https:\/\/www.modelaren.sk\/de\/wp-json\/wp\/v2\/comments?post=804"}],"version-history":[{"count":11,"href":"https:\/\/www.modelaren.sk\/de\/wp-json\/wp\/v2\/pages\/804\/revisions"}],"predecessor-version":[{"id":948,"href":"https:\/\/www.modelaren.sk\/de\/wp-json\/wp\/v2\/pages\/804\/revisions\/948"}],"wp:featuredmedia":[{"embeddable":true,"href":"https:\/\/www.modelaren.sk\/de\/wp-json\/wp\/v2\/media\/404"}],"wp:attachment":[{"href":"https:\/\/www.modelaren.sk\/de\/wp-json\/wp\/v2\/media?parent=804"}],"curies":[{"name":"wp","href":"https:\/\/api.w.org\/{rel}","templated":true}]}}