{"id":799,"date":"2018-05-17T11:45:37","date_gmt":"2018-05-17T11:45:37","guid":{"rendered":"http:\/\/www.modelaren.sk\/3d-tlac\/"},"modified":"2018-08-28T11:18:05","modified_gmt":"2018-08-28T11:18:05","slug":"3d-druck","status":"publish","type":"page","link":"https:\/\/www.modelaren.sk\/de\/3d-druck\/","title":{"rendered":"3D druck"},"content":{"rendered":"<div id=\"pl-799\"  class=\"panel-layout\" ><div id=\"pg-799-0\"  class=\"panel-grid panel-has-style\" ><div class=\"panel-row-style panel-row-style-for-799-0\" ><div id=\"pgc-799-0-0\"  class=\"panel-grid-cell\" ><div id=\"panel-799-0-0-0\" class=\"so-panel widget widget_sow-editor panel-first-child panel-last-child\" data-index=\"0\" ><div\n\t\t\t\n\t\t\tclass=\"so-widget-sow-editor so-widget-sow-editor-base\"\n\t\t\t\n\t\t>\n<div class=\"siteorigin-widget-tinymce textwidget\">\n\t<header class=\"has-line\">\n<h2 class=\"content-section-title\">3D druck<\/h2>\n<\/header>\n<div class=\"content-side-offset\">\n<p><strong>Wir k\u00f6nnen die Modelle von sehr komplizierten Bauformen, mit d\u00fcnnen Wandst\u00e4rken und vielen feinen Einzelhalten auch des ganzen Aufbaues fertigen. <\/strong><\/p>\n<ul>\n<li>Fortgeschrittene 3D-Druck-Technologie ist auf drei gegenseitig zusammenarbeitenden Elementen gegr\u00fcndet, um konkurrenzlose Qualit\u00e4t und Preis der Abdr\u00fccke zu erreichen.<\/li>\n<li>Gr\u00f6\u00dfe des Modellierungsraumes ist X 200 mm, Y 200 mm, Z 150 mm.<\/li>\n<li>M\u00f6glichkeit des schnellen Druckes eines 3D-Modells in STL-Format, z.B. nach der 3D-Scanning.<\/li>\n<li>LPD\u00ae Technologie \u2013 Layer Plastic Deposition.<\/li>\n<li>Min. Schritt der Z-Achse: 1,25 \u00b5m.<\/li>\n<li>SLA\u00ae Technologie (Stereolithographie).<\/li>\n<\/ul>\n<\/div>\n<\/div>\n<\/div><\/div><\/div><div id=\"pgc-799-0-1\"  class=\"panel-grid-cell\" ><div id=\"panel-799-0-1-0\" class=\"so-panel widget widget_sow-image panel-first-child panel-last-child\" data-index=\"1\" ><div\n\t\t\t\n\t\t\tclass=\"so-widget-sow-image so-widget-sow-image-default-8b5b6f678277-799\"\n\t\t\t\n\t\t>\n\n<div class=\"sow-image-container\">\n\t\t<img loading=\"lazy\" decoding=\"async\" src=\"https:\/\/www.modelaren.sk\/wp-content\/uploads\/2018\/05\/3D-4.jpg\" width=\"620\" height=\"413\" srcset=\"https:\/\/www.modelaren.sk\/wp-content\/uploads\/2018\/05\/3D-4.jpg 620w, https:\/\/www.modelaren.sk\/wp-content\/uploads\/2018\/05\/3D-4-300x200.jpg 300w, https:\/\/www.modelaren.sk\/wp-content\/uploads\/2018\/05\/3D-4-480x320.jpg 480w, https:\/\/www.modelaren.sk\/wp-content\/uploads\/2018\/05\/3D-4-272x182.jpg 272w\" sizes=\"auto, (max-width: 620px) 100vw, 620px\" title=\"3D 4\" alt=\"\" \t\tclass=\"so-widget-image\"\/>\n\t<\/div>\n\n<\/div><\/div><\/div><\/div><\/div><div id=\"pg-799-1\"  class=\"panel-grid panel-has-style\" ><div class=\"panel-row-style panel-row-style-for-799-1\" ><div id=\"pgc-799-1-0\"  class=\"panel-grid-cell\" ><div id=\"panel-799-1-0-0\" class=\"so-panel widget widget_sow-image panel-first-child panel-last-child\" data-index=\"2\" ><div\n\t\t\t\n\t\t\tclass=\"so-widget-sow-image so-widget-sow-image-default-8b5b6f678277-799\"\n\t\t\t\n\t\t>\n\n<div class=\"sow-image-container\">\n\t\t<img loading=\"lazy\" decoding=\"async\" src=\"https:\/\/www.modelaren.sk\/wp-content\/uploads\/2018\/06\/3D-tla\u010d-3D-tla\u010d-modelov-stereolitografia-.png\" width=\"2513\" height=\"1669\" srcset=\"https:\/\/www.modelaren.sk\/wp-content\/uploads\/2018\/06\/3D-tla\u010d-3D-tla\u010d-modelov-stereolitografia-.png 2513w, https:\/\/www.modelaren.sk\/wp-content\/uploads\/2018\/06\/3D-tla\u010d-3D-tla\u010d-modelov-stereolitografia--300x199.png 300w, https:\/\/www.modelaren.sk\/wp-content\/uploads\/2018\/06\/3D-tla\u010d-3D-tla\u010d-modelov-stereolitografia--768x510.png 768w, https:\/\/www.modelaren.sk\/wp-content\/uploads\/2018\/06\/3D-tla\u010d-3D-tla\u010d-modelov-stereolitografia--1024x680.png 1024w, https:\/\/www.modelaren.sk\/wp-content\/uploads\/2018\/06\/3D-tla\u010d-3D-tla\u010d-modelov-stereolitografia--480x319.png 480w, https:\/\/www.modelaren.sk\/wp-content\/uploads\/2018\/06\/3D-tla\u010d-3D-tla\u010d-modelov-stereolitografia--992x659.png 992w, https:\/\/www.modelaren.sk\/wp-content\/uploads\/2018\/06\/3D-tla\u010d-3D-tla\u010d-modelov-stereolitografia--1200x797.png 1200w, https:\/\/www.modelaren.sk\/wp-content\/uploads\/2018\/06\/3D-tla\u010d-3D-tla\u010d-modelov-stereolitografia--272x182.png 272w\" sizes=\"auto, (max-width: 2513px) 100vw, 2513px\" alt=\"\" \t\tclass=\"so-widget-image\"\/>\n\t<\/div>\n\n<\/div><\/div><\/div><div id=\"pgc-799-1-1\"  class=\"panel-grid-cell\" ><div id=\"panel-799-1-1-0\" class=\"so-panel widget widget_sow-image panel-first-child panel-last-child\" data-index=\"3\" ><div\n\t\t\t\n\t\t\tclass=\"so-widget-sow-image so-widget-sow-image-default-8b5b6f678277-799\"\n\t\t\t\n\t\t>\n\n<div class=\"sow-image-container\">\n\t\t<img loading=\"lazy\" decoding=\"async\" src=\"https:\/\/www.modelaren.sk\/wp-content\/uploads\/2018\/06\/3D-tla\u010d-3D-tla\u010d-modelov-stereolitografia.png\" width=\"800\" height=\"533\" srcset=\"https:\/\/www.modelaren.sk\/wp-content\/uploads\/2018\/06\/3D-tla\u010d-3D-tla\u010d-modelov-stereolitografia.png 800w, https:\/\/www.modelaren.sk\/wp-content\/uploads\/2018\/06\/3D-tla\u010d-3D-tla\u010d-modelov-stereolitografia-300x200.png 300w, https:\/\/www.modelaren.sk\/wp-content\/uploads\/2018\/06\/3D-tla\u010d-3D-tla\u010d-modelov-stereolitografia-768x512.png 768w, https:\/\/www.modelaren.sk\/wp-content\/uploads\/2018\/06\/3D-tla\u010d-3D-tla\u010d-modelov-stereolitografia-480x320.png 480w, https:\/\/www.modelaren.sk\/wp-content\/uploads\/2018\/06\/3D-tla\u010d-3D-tla\u010d-modelov-stereolitografia-272x182.png 272w\" sizes=\"auto, (max-width: 800px) 100vw, 800px\" alt=\"\" \t\tclass=\"so-widget-image\"\/>\n\t<\/div>\n\n<\/div><\/div><\/div><\/div><\/div><div id=\"pg-799-2\"  class=\"panel-grid panel-has-style\" ><div class=\"panel-row-style panel-row-style-for-799-2\" ><div id=\"pgc-799-2-0\"  class=\"panel-grid-cell panel-grid-cell-empty\" ><\/div><div id=\"pgc-799-2-1\"  class=\"panel-grid-cell panel-grid-cell-mobile-last\" ><div id=\"panel-799-2-1-0\" class=\"so-panel widget widget_sow-editor panel-first-child panel-last-child\" data-index=\"4\" ><div\n\t\t\t\n\t\t\tclass=\"so-widget-sow-editor so-widget-sow-editor-base\"\n\t\t\t\n\t\t>\n<div class=\"siteorigin-widget-tinymce textwidget\">\n\t<h2 style=\"text-align: center;\"><strong>\u201e<\/strong>Mit Hilfe des 3D-Druckes sind wir f\u00e4hig, den Kunden eine schnelle und einfache Fertigung von festen und genauen Modellen oder Prototypteilen anzubieten<strong>\u201d<\/strong><\/h2>\n<h2 style=\"text-align: center;\"><\/h2>\n<\/div>\n<\/div><\/div><\/div><div id=\"pgc-799-2-2\"  class=\"panel-grid-cell panel-grid-cell-empty\" ><\/div><\/div><\/div><\/div>","protected":false},"excerpt":{"rendered":"<p>3D druck Wir k\u00f6nnen die Modelle von sehr komplizierten Bauformen, mit d\u00fcnnen Wandst\u00e4rken und vielen feinen Einzelhalten auch des ganzen Aufbaues fertigen. Fortgeschrittene 3D-Druck-Technologie ist auf drei gegenseitig zusammenarbeitenden Elementen gegr\u00fcndet, um konkurrenzlose Qualit\u00e4t und Preis der Abdr\u00fccke zu erreichen. Gr\u00f6\u00dfe des Modellierungsraumes ist X 200 mm, Y 200 mm, Z 150 mm. M\u00f6glichkeit des [&hellip;]<\/p>\n","protected":false},"author":3,"featured_media":404,"parent":0,"menu_order":0,"comment_status":"closed","ping_status":"closed","template":"","meta":{"footnotes":""},"class_list":["post-799","page","type-page","status-publish","has-post-thumbnail","hentry"],"_links":{"self":[{"href":"https:\/\/www.modelaren.sk\/de\/wp-json\/wp\/v2\/pages\/799","targetHints":{"allow":["GET"]}}],"collection":[{"href":"https:\/\/www.modelaren.sk\/de\/wp-json\/wp\/v2\/pages"}],"about":[{"href":"https:\/\/www.modelaren.sk\/de\/wp-json\/wp\/v2\/types\/page"}],"author":[{"embeddable":true,"href":"https:\/\/www.modelaren.sk\/de\/wp-json\/wp\/v2\/users\/3"}],"replies":[{"embeddable":true,"href":"https:\/\/www.modelaren.sk\/de\/wp-json\/wp\/v2\/comments?post=799"}],"version-history":[{"count":9,"href":"https:\/\/www.modelaren.sk\/de\/wp-json\/wp\/v2\/pages\/799\/revisions"}],"predecessor-version":[{"id":919,"href":"https:\/\/www.modelaren.sk\/de\/wp-json\/wp\/v2\/pages\/799\/revisions\/919"}],"wp:featuredmedia":[{"embeddable":true,"href":"https:\/\/www.modelaren.sk\/de\/wp-json\/wp\/v2\/media\/404"}],"wp:attachment":[{"href":"https:\/\/www.modelaren.sk\/de\/wp-json\/wp\/v2\/media?parent=799"}],"curies":[{"name":"wp","href":"https:\/\/api.w.org\/{rel}","templated":true}]}}