{"id":786,"date":"2018-05-17T11:24:55","date_gmt":"2018-05-17T11:24:55","guid":{"rendered":"http:\/\/www.modelaren.sk\/5-ose-cnc-obrabanie\/"},"modified":"2018-08-28T11:19:19","modified_gmt":"2018-08-28T11:19:19","slug":"5-ose-cnc-obrabanie","status":"publish","type":"page","link":"https:\/\/www.modelaren.sk\/de\/5-ose-cnc-obrabanie\/","title":{"rendered":"5-achsige CNC-bearbeitung"},"content":{"rendered":"<div id=\"pl-786\"  class=\"panel-layout\" ><div id=\"pg-786-0\"  class=\"panel-grid panel-has-style\" ><div class=\"panel-row-style panel-row-style-for-786-0\" ><div id=\"pgc-786-0-0\"  class=\"panel-grid-cell\" ><div id=\"panel-786-0-0-0\" class=\"so-panel widget widget_sow-editor panel-first-child panel-last-child\" data-index=\"0\" ><div\n\t\t\t\n\t\t\tclass=\"so-widget-sow-editor so-widget-sow-editor-base\"\n\t\t\t\n\t\t>\n<div class=\"siteorigin-widget-tinymce textwidget\">\n\t<header class=\"has-line\">\n<h2 class=\"content-section-title\">5-achsige CNC-bearbeitung<\/h2>\n<\/header>\n<div class=\"content-side-offset\">\n<p><strong>Wir sind mit den modernsten <\/strong><strong>CNC-Bearbeitungszentren f\u00fcr die perfekte und genauste Bearbeitung ausger\u00fcstet. <\/strong><\/p>\n<ul>\n<li>5-achsiges Zentrum SAHOS (BRAY) - X-4000 Y-2200 Z-750,<\/li>\n<li>5-achsiges Zentrum SAHOS (BRAY) - X-3000 Y-1500 Z-750,<\/li>\n<li>3-achsiges Zentrum SAHOS (BRAY) - X-3000 Y-1500 Z-750,<\/li>\n<li>3-achsiges Zentrum HAAS VF4-SS - X-1270 Y-508 Z-635.<\/li>\n<\/ul>\n<\/div>\n<\/div>\n<\/div><\/div><\/div><div id=\"pgc-786-0-1\"  class=\"panel-grid-cell\" ><div id=\"panel-786-0-1-0\" class=\"so-panel widget widget_sow-image panel-first-child panel-last-child\" data-index=\"1\" ><div\n\t\t\t\n\t\t\tclass=\"so-widget-sow-image so-widget-sow-image-default-8b5b6f678277-786\"\n\t\t\t\n\t\t>\n\n<div class=\"sow-image-container\">\n\t\t<img loading=\"lazy\" decoding=\"async\" src=\"https:\/\/www.modelaren.sk\/wp-content\/uploads\/2018\/06\/CNC-1.jpg\" width=\"1724\" height=\"1092\" srcset=\"https:\/\/www.modelaren.sk\/wp-content\/uploads\/2018\/06\/CNC-1.jpg 1724w, https:\/\/www.modelaren.sk\/wp-content\/uploads\/2018\/06\/CNC-1-300x190.jpg 300w, https:\/\/www.modelaren.sk\/wp-content\/uploads\/2018\/06\/CNC-1-768x486.jpg 768w, https:\/\/www.modelaren.sk\/wp-content\/uploads\/2018\/06\/CNC-1-1024x649.jpg 1024w, https:\/\/www.modelaren.sk\/wp-content\/uploads\/2018\/06\/CNC-1-480x304.jpg 480w, https:\/\/www.modelaren.sk\/wp-content\/uploads\/2018\/06\/CNC-1-992x628.jpg 992w, https:\/\/www.modelaren.sk\/wp-content\/uploads\/2018\/06\/CNC-1-1200x760.jpg 1200w\" sizes=\"auto, (max-width: 1724px) 100vw, 1724px\" alt=\"\" \t\tclass=\"so-widget-image\"\/>\n\t<\/div>\n\n<\/div><\/div><\/div><\/div><\/div><div id=\"pg-786-1\"  class=\"panel-grid panel-has-style\" ><div class=\"panel-row-style panel-row-style-for-786-1\" ><div id=\"pgc-786-1-0\"  class=\"panel-grid-cell\" ><div id=\"panel-786-1-0-0\" class=\"so-panel widget widget_sow-image panel-first-child panel-last-child\" data-index=\"2\" ><div\n\t\t\t\n\t\t\tclass=\"so-widget-sow-image so-widget-sow-image-default-8b5b6f678277-786\"\n\t\t\t\n\t\t>\n\n<div class=\"sow-image-container\">\n\t\t<img loading=\"lazy\" decoding=\"async\" src=\"https:\/\/www.modelaren.sk\/wp-content\/uploads\/2018\/06\/CNC-vyroba-frezovanie-kovove-diel-y-formy-v\u00fdlisky-lisovacie-n\u00e1stroje-kovov\u00e9-s\u00fa\u010diastky-opracovanie-duralu-opracovanie-odliatkov-.jpg\" width=\"435\" height=\"315\" srcset=\"https:\/\/www.modelaren.sk\/wp-content\/uploads\/2018\/06\/CNC-vyroba-frezovanie-kovove-diel-y-formy-v\u00fdlisky-lisovacie-n\u00e1stroje-kovov\u00e9-s\u00fa\u010diastky-opracovanie-duralu-opracovanie-odliatkov-.jpg 435w, https:\/\/www.modelaren.sk\/wp-content\/uploads\/2018\/06\/CNC-vyroba-frezovanie-kovove-diel-y-formy-v\u00fdlisky-lisovacie-n\u00e1stroje-kovov\u00e9-s\u00fa\u010diastky-opracovanie-duralu-opracovanie-odliatkov--300x217.jpg 300w\" sizes=\"auto, (max-width: 435px) 100vw, 435px\" alt=\"\" \t\tclass=\"so-widget-image\"\/>\n\t<\/div>\n\n<\/div><\/div><\/div><div id=\"pgc-786-1-1\"  class=\"panel-grid-cell\" ><div id=\"panel-786-1-1-0\" class=\"so-panel widget widget_sow-editor panel-first-child panel-last-child\" data-index=\"3\" ><div\n\t\t\t\n\t\t\tclass=\"so-widget-sow-editor so-widget-sow-editor-base\"\n\t\t\t\n\t\t>\n<div class=\"siteorigin-widget-tinymce textwidget\">\n\t<div class=\"content-side-offset\">\n<h3><strong>Wir bearbeiten die folgenden Materialen<\/strong><\/h3>\n<p>- Holz - Metall,<br \/>\n- Aluminium,<br \/>\n- Duraluminium,<br \/>\n- Blockmaterial,<br \/>\n- Kunststoffholz,<br \/>\n- Gusswerkstoffe,<br \/>\n- Epoxidwerkstoffe,<br \/>\n- EPS, EPP Polystyrol.<\/p>\n<\/div>\n<\/div>\n<\/div><\/div><\/div><\/div><\/div><div id=\"pg-786-2\"  class=\"panel-grid panel-has-style\" ><div class=\"panel-row-style panel-row-style-for-786-2\" ><div id=\"pgc-786-2-0\"  class=\"panel-grid-cell panel-grid-cell-empty\" ><\/div><div id=\"pgc-786-2-1\"  class=\"panel-grid-cell panel-grid-cell-mobile-last\" ><div id=\"panel-786-2-1-0\" class=\"so-panel widget widget_sow-editor panel-first-child panel-last-child\" data-index=\"4\" ><div\n\t\t\t\n\t\t\tclass=\"so-widget-sow-editor so-widget-sow-editor-base\"\n\t\t\t\n\t\t>\n<div class=\"siteorigin-widget-tinymce textwidget\">\n\t<h2 style=\"text-align: center;\"><strong>\u201e<\/strong><strong>Dank unserer Maschinenausstattung bearbeiten und produzieren wir<\/strong> <strong>technologisch anspruchsvolle Produkte<\/strong><strong>\u201d<\/strong><\/h2>\n<\/div>\n<\/div><\/div><\/div><div id=\"pgc-786-2-2\"  class=\"panel-grid-cell panel-grid-cell-empty\" ><\/div><\/div><\/div><\/div>","protected":false},"excerpt":{"rendered":"<p>5-achsige CNC-bearbeitung Wir sind mit den modernsten CNC-Bearbeitungszentren f\u00fcr die perfekte und genauste Bearbeitung ausger\u00fcstet. 5-achsiges Zentrum SAHOS (BRAY) &#8211; X-4000 Y-2200 Z-750, 5-achsiges Zentrum SAHOS (BRAY) &#8211; X-3000 Y-1500 Z-750, 3-achsiges Zentrum SAHOS (BRAY) &#8211; X-3000 Y-1500 Z-750, 3-achsiges Zentrum HAAS VF4-SS &#8211; X-1270 Y-508 Z-635. Wir bearbeiten die folgenden Materialen &#8211; Holz &#8211; [&hellip;]<\/p>\n","protected":false},"author":3,"featured_media":404,"parent":0,"menu_order":0,"comment_status":"closed","ping_status":"closed","template":"","meta":{"footnotes":""},"class_list":["post-786","page","type-page","status-publish","has-post-thumbnail","hentry"],"_links":{"self":[{"href":"https:\/\/www.modelaren.sk\/de\/wp-json\/wp\/v2\/pages\/786","targetHints":{"allow":["GET"]}}],"collection":[{"href":"https:\/\/www.modelaren.sk\/de\/wp-json\/wp\/v2\/pages"}],"about":[{"href":"https:\/\/www.modelaren.sk\/de\/wp-json\/wp\/v2\/types\/page"}],"author":[{"embeddable":true,"href":"https:\/\/www.modelaren.sk\/de\/wp-json\/wp\/v2\/users\/3"}],"replies":[{"embeddable":true,"href":"https:\/\/www.modelaren.sk\/de\/wp-json\/wp\/v2\/comments?post=786"}],"version-history":[{"count":11,"href":"https:\/\/www.modelaren.sk\/de\/wp-json\/wp\/v2\/pages\/786\/revisions"}],"predecessor-version":[{"id":921,"href":"https:\/\/www.modelaren.sk\/de\/wp-json\/wp\/v2\/pages\/786\/revisions\/921"}],"wp:featuredmedia":[{"embeddable":true,"href":"https:\/\/www.modelaren.sk\/de\/wp-json\/wp\/v2\/media\/404"}],"wp:attachment":[{"href":"https:\/\/www.modelaren.sk\/de\/wp-json\/wp\/v2\/media?parent=786"}],"curies":[{"name":"wp","href":"https:\/\/api.w.org\/{rel}","templated":true}]}}