{"id":781,"date":"2018-05-17T11:05:24","date_gmt":"2018-05-17T11:05:24","guid":{"rendered":"http:\/\/www.modelaren.sk\/odliatky\/"},"modified":"2018-09-21T14:38:16","modified_gmt":"2018-09-21T14:38:16","slug":"gussstuecke","status":"publish","type":"page","link":"https:\/\/www.modelaren.sk\/de\/gussstuecke\/","title":{"rendered":"Gussst\u00fccke"},"content":{"rendered":"<div id=\"pl-781\"  class=\"panel-layout\" ><div id=\"pg-781-0\"  class=\"panel-grid panel-has-style\" ><div class=\"panel-row-style panel-row-style-for-781-0\" ><div id=\"pgc-781-0-0\"  class=\"panel-grid-cell\" ><div id=\"panel-781-0-0-0\" class=\"so-panel widget widget_sow-editor panel-first-child panel-last-child\" data-index=\"0\" ><div\n\t\t\t\n\t\t\tclass=\"so-widget-sow-editor so-widget-sow-editor-base\"\n\t\t\t\n\t\t>\n<div class=\"siteorigin-widget-tinymce textwidget\">\n\t<header class=\"has-line\">\n<h2 class=\"content-section-title\">Gussst\u00fccke<\/h2>\n<\/header>\n<div class=\"content-side-offset\">\n<h3><strong>Wir produzieren die <\/strong>Gussst\u00fccke f\u00fcr die St\u00fcck- und Serienproduktion<\/h3>\n<ul>\n<li>Die Fertigung wird auf Grund der gelieferten Zeichnungsdokumentation, 3D-Daten oder gem\u00e4\u00df dem Gussst\u00fcckmusterst\u00fcck durchgef\u00fchrt.<\/li>\n<li>Beim gelieferten Gussst\u00fcckmusterst\u00fcck sind wir f\u00e4hig, die Methode von Reverse Engineering mit Hilfe von 3D-Scanner auszunutzen.<\/li>\n<\/ul>\n<\/div>\n<\/div>\n<\/div><\/div><\/div><div id=\"pgc-781-0-1\"  class=\"panel-grid-cell\" ><div id=\"panel-781-0-1-0\" class=\"so-panel widget widget_sow-image panel-first-child panel-last-child\" data-index=\"1\" ><div\n\t\t\t\n\t\t\tclass=\"so-widget-sow-image so-widget-sow-image-default-8b5b6f678277-781\"\n\t\t\t\n\t\t>\n\n<div class=\"sow-image-container\">\n\t\t<img loading=\"lazy\" decoding=\"async\" src=\"https:\/\/www.modelaren.sk\/wp-content\/uploads\/2018\/06\/Odliatok-1.png\" width=\"1024\" height=\"604\" srcset=\"https:\/\/www.modelaren.sk\/wp-content\/uploads\/2018\/06\/Odliatok-1.png 1024w, https:\/\/www.modelaren.sk\/wp-content\/uploads\/2018\/06\/Odliatok-1-300x177.png 300w, https:\/\/www.modelaren.sk\/wp-content\/uploads\/2018\/06\/Odliatok-1-768x453.png 768w, https:\/\/www.modelaren.sk\/wp-content\/uploads\/2018\/06\/Odliatok-1-480x283.png 480w, https:\/\/www.modelaren.sk\/wp-content\/uploads\/2018\/06\/Odliatok-1-992x585.png 992w\" sizes=\"auto, (max-width: 1024px) 100vw, 1024px\" alt=\"\" \t\tclass=\"so-widget-image\"\/>\n\t<\/div>\n\n<\/div><\/div><\/div><\/div><\/div><div id=\"pg-781-1\"  class=\"panel-grid panel-has-style\" ><div class=\"panel-row-style panel-row-style-for-781-1\" ><div id=\"pgc-781-1-0\"  class=\"panel-grid-cell\" ><div id=\"panel-781-1-0-0\" class=\"so-panel widget widget_sow-image panel-first-child panel-last-child\" data-index=\"2\" ><div\n\t\t\t\n\t\t\tclass=\"so-widget-sow-image so-widget-sow-image-default-8b5b6f678277-781\"\n\t\t\t\n\t\t>\n\n<div class=\"sow-image-container\">\n\t\t<img loading=\"lazy\" decoding=\"async\" src=\"https:\/\/www.modelaren.sk\/wp-content\/uploads\/2018\/06\/Odliatok-dod\u00e1vka-odliatkov-oprava-strojov-prevodovka-odliatok-modelov\u00e9-zariadenia-odliatky-tv\u00e1rna-liatina-\u0161ed\u00e1-liatina1.png\" width=\"500\" height=\"376\" srcset=\"https:\/\/www.modelaren.sk\/wp-content\/uploads\/2018\/06\/Odliatok-dod\u00e1vka-odliatkov-oprava-strojov-prevodovka-odliatok-modelov\u00e9-zariadenia-odliatky-tv\u00e1rna-liatina-\u0161ed\u00e1-liatina1.png 500w, https:\/\/www.modelaren.sk\/wp-content\/uploads\/2018\/06\/Odliatok-dod\u00e1vka-odliatkov-oprava-strojov-prevodovka-odliatok-modelov\u00e9-zariadenia-odliatky-tv\u00e1rna-liatina-\u0161ed\u00e1-liatina1-300x226.png 300w, https:\/\/www.modelaren.sk\/wp-content\/uploads\/2018\/06\/Odliatok-dod\u00e1vka-odliatkov-oprava-strojov-prevodovka-odliatok-modelov\u00e9-zariadenia-odliatky-tv\u00e1rna-liatina-\u0161ed\u00e1-liatina1-480x361.png 480w\" sizes=\"auto, (max-width: 500px) 100vw, 500px\" alt=\"\" \t\tclass=\"so-widget-image\"\/>\n\t<\/div>\n\n<\/div><\/div><\/div><div id=\"pgc-781-1-1\"  class=\"panel-grid-cell\" ><div id=\"panel-781-1-1-0\" class=\"so-panel widget widget_sow-image panel-first-child panel-last-child\" data-index=\"3\" ><div\n\t\t\t\n\t\t\tclass=\"so-widget-sow-image so-widget-sow-image-default-8b5b6f678277-781\"\n\t\t\t\n\t\t>\n\n<div class=\"sow-image-container\">\n\t\t<img loading=\"lazy\" decoding=\"async\" src=\"https:\/\/www.modelaren.sk\/wp-content\/uploads\/2018\/06\/Odliatok-dod\u00e1vka-odliatkov-oprava-strojov-prevodovka-odliatok-modelov\u00e9-zariadenia-odliatky-tv\u00e1rna-liatina-\u0161ed\u00e1-liatina-tryska-do-pece-vigas-vigas-tryska.png\" width=\"550\" height=\"367\" srcset=\"https:\/\/www.modelaren.sk\/wp-content\/uploads\/2018\/06\/Odliatok-dod\u00e1vka-odliatkov-oprava-strojov-prevodovka-odliatok-modelov\u00e9-zariadenia-odliatky-tv\u00e1rna-liatina-\u0161ed\u00e1-liatina-tryska-do-pece-vigas-vigas-tryska.png 550w, https:\/\/www.modelaren.sk\/wp-content\/uploads\/2018\/06\/Odliatok-dod\u00e1vka-odliatkov-oprava-strojov-prevodovka-odliatok-modelov\u00e9-zariadenia-odliatky-tv\u00e1rna-liatina-\u0161ed\u00e1-liatina-tryska-do-pece-vigas-vigas-tryska-300x200.png 300w, https:\/\/www.modelaren.sk\/wp-content\/uploads\/2018\/06\/Odliatok-dod\u00e1vka-odliatkov-oprava-strojov-prevodovka-odliatok-modelov\u00e9-zariadenia-odliatky-tv\u00e1rna-liatina-\u0161ed\u00e1-liatina-tryska-do-pece-vigas-vigas-tryska-480x320.png 480w, https:\/\/www.modelaren.sk\/wp-content\/uploads\/2018\/06\/Odliatok-dod\u00e1vka-odliatkov-oprava-strojov-prevodovka-odliatok-modelov\u00e9-zariadenia-odliatky-tv\u00e1rna-liatina-\u0161ed\u00e1-liatina-tryska-do-pece-vigas-vigas-tryska-272x182.png 272w\" sizes=\"auto, (max-width: 550px) 100vw, 550px\" alt=\"\" \t\tclass=\"so-widget-image\"\/>\n\t<\/div>\n\n<\/div><\/div><\/div><\/div><\/div><div id=\"pg-781-2\"  class=\"panel-grid panel-has-style\" ><div class=\"siteorigin-panels-stretch panel-row-style panel-row-style-for-781-2\" data-stretch-type=\"full\" ><div id=\"pgc-781-2-0\"  class=\"panel-grid-cell panel-grid-cell-empty\" ><\/div><div id=\"pgc-781-2-1\"  class=\"panel-grid-cell\" ><div id=\"panel-781-2-1-0\" class=\"so-panel widget widget_sow-editor panel-first-child panel-last-child\" data-index=\"4\" ><div\n\t\t\t\n\t\t\tclass=\"so-widget-sow-editor so-widget-sow-editor-base\"\n\t\t\t\n\t\t>\n<div class=\"siteorigin-widget-tinymce textwidget\">\n\t<p>&nbsp;<\/p>\n<p>&nbsp;<\/p>\n<p><strong>Wir liefern die Gussst\u00fccke aus den folgenden Materialen:<\/strong><\/p>\n<p>- sph\u00e4rolitisches Gusseisen,<br \/>\n- graues Gusseisen,<br \/>\n- Stahlguss,<br \/>\n- Buntmetalle,<br \/>\n- Al-Gussst\u00fccke.<\/p>\n<p><strong>Herstellung von folgenden Modellen f\u00fcr die Kunst- und Gartenarchitektur mit der kompletten Lieferung von Gussst\u00fccken ist ein untrennbarer Teil der Produktion: <\/strong><\/p>\n<p>- historische S\u00e4ulen,<br \/>\n- Baumgitter,<br \/>\n- Gusseisenblument\u00f6pfe,<br \/>\n- Parks\u00e4ulen,<br \/>\n- Parkb\u00e4nke,<br \/>\n- andere.<\/p>\n<p>&nbsp;<\/p>\n<p>&nbsp;<\/p>\n<\/div>\n<\/div><\/div><\/div><\/div><\/div><div id=\"pg-781-3\"  class=\"panel-grid panel-has-style\" ><div class=\"panel-row-style panel-row-style-for-781-3\" ><div id=\"pgc-781-3-0\"  class=\"panel-grid-cell panel-grid-cell-empty\" ><\/div><div id=\"pgc-781-3-1\"  class=\"panel-grid-cell panel-grid-cell-mobile-last\" ><div id=\"panel-781-3-1-0\" class=\"so-panel widget widget_sow-editor panel-first-child panel-last-child\" data-index=\"5\" ><div\n\t\t\t\n\t\t\tclass=\"so-widget-sow-editor so-widget-sow-editor-base\"\n\t\t\t\n\t\t>\n<div class=\"siteorigin-widget-tinymce textwidget\">\n\t<h2 style=\"text-align: center;\"><strong>\u201e<\/strong><strong>Mit unseren <b><span lang=\"DE\">Modelleinrichtungen<\/span><\/b> werden Ihre Gussst\u00fccke in der besten Qualit\u00e4t sein<\/strong><strong>\u201d<\/strong><\/h2>\n<\/div>\n<\/div><\/div><\/div><div id=\"pgc-781-3-2\"  class=\"panel-grid-cell panel-grid-cell-empty\" ><\/div><\/div><\/div><\/div>","protected":false},"excerpt":{"rendered":"<p>Gussst\u00fccke Wir produzieren die Gussst\u00fccke f\u00fcr die St\u00fcck- und Serienproduktion Die Fertigung wird auf Grund der gelieferten Zeichnungsdokumentation, 3D-Daten oder gem\u00e4\u00df dem Gussst\u00fcckmusterst\u00fcck durchgef\u00fchrt. Beim gelieferten Gussst\u00fcckmusterst\u00fcck sind wir f\u00e4hig, die Methode von Reverse Engineering mit Hilfe von 3D-Scanner auszunutzen.<\/p>\n","protected":false},"author":3,"featured_media":404,"parent":0,"menu_order":0,"comment_status":"closed","ping_status":"closed","template":"","meta":{"footnotes":""},"class_list":["post-781","page","type-page","status-publish","has-post-thumbnail","hentry"],"_links":{"self":[{"href":"https:\/\/www.modelaren.sk\/de\/wp-json\/wp\/v2\/pages\/781","targetHints":{"allow":["GET"]}}],"collection":[{"href":"https:\/\/www.modelaren.sk\/de\/wp-json\/wp\/v2\/pages"}],"about":[{"href":"https:\/\/www.modelaren.sk\/de\/wp-json\/wp\/v2\/types\/page"}],"author":[{"embeddable":true,"href":"https:\/\/www.modelaren.sk\/de\/wp-json\/wp\/v2\/users\/3"}],"replies":[{"embeddable":true,"href":"https:\/\/www.modelaren.sk\/de\/wp-json\/wp\/v2\/comments?post=781"}],"version-history":[{"count":10,"href":"https:\/\/www.modelaren.sk\/de\/wp-json\/wp\/v2\/pages\/781\/revisions"}],"predecessor-version":[{"id":946,"href":"https:\/\/www.modelaren.sk\/de\/wp-json\/wp\/v2\/pages\/781\/revisions\/946"}],"wp:featuredmedia":[{"embeddable":true,"href":"https:\/\/www.modelaren.sk\/de\/wp-json\/wp\/v2\/media\/404"}],"wp:attachment":[{"href":"https:\/\/www.modelaren.sk\/de\/wp-json\/wp\/v2\/media?parent=781"}],"curies":[{"name":"wp","href":"https:\/\/api.w.org\/{rel}","templated":true}]}}