{"id":757,"date":"2018-05-30T08:45:06","date_gmt":"2018-05-30T08:45:06","guid":{"rendered":"http:\/\/www.modelaren.sk\/kompozity\/"},"modified":"2018-08-28T11:21:41","modified_gmt":"2018-08-28T11:21:41","slug":"komposite","status":"publish","type":"page","link":"https:\/\/www.modelaren.sk\/de\/komposite\/","title":{"rendered":"Komposite"},"content":{"rendered":"<div id=\"pl-757\"  class=\"panel-layout\" ><div id=\"pg-757-0\"  class=\"panel-grid panel-has-style\" ><div class=\"panel-row-style panel-row-style-for-757-0\" ><div id=\"pgc-757-0-0\"  class=\"panel-grid-cell\" ><div id=\"panel-757-0-0-0\" class=\"so-panel widget widget_sow-editor panel-first-child panel-last-child\" data-index=\"0\" ><div\n\t\t\t\n\t\t\tclass=\"so-widget-sow-editor so-widget-sow-editor-base\"\n\t\t\t\n\t\t>\n<div class=\"siteorigin-widget-tinymce textwidget\">\n\t<h3>Die Herstellung von Verbundwerkstoffen besteht in der Ablagerung von verschiedenen Schichten von Geweben oder Matten auf sich selbst und durch progressive S\u00e4ttigung mit Harz, das als ein Bindemittel dient. Das resultierende Material wird Komposite genannt.<\/h3>\n<div class=\"content-side-offset\">\n<ul>\n<li>Es ist bei der Herstellung von Kleinserienteilen oder f\u00fcr die Fertigung von speziellen Formen f\u00fcr kleine Serien von ca. 250 St\u00fcck angewendet.<\/li>\n<li>Durch die Benutzung von verschiedenen Fasern k\u00f6nnen wir feste Teile mit niedrigem Gewicht fertigen, z.B. Teile aus Kohlefaser - sogenannte Karbonteile.<\/li>\n<li>Es ist m\u00f6glich, die Materialen f\u00fcr die Anwendung unter spezifischen Bedingungen (thermische bzw. chemische Widerstandsf\u00e4higkeit) anzupassen.<\/li>\n<li>Fertigung von speziellen geschlossenen Verbundformen f\u00fcr die hei\u00dfe Produktion von Teilen.<\/li>\n<\/ul>\n<\/div>\n<\/div>\n<\/div><\/div><\/div><div id=\"pgc-757-0-1\"  class=\"panel-grid-cell\" ><div id=\"panel-757-0-1-0\" class=\"so-panel widget widget_sow-image panel-first-child panel-last-child\" data-index=\"1\" ><div\n\t\t\t\n\t\t\tclass=\"so-widget-sow-image so-widget-sow-image-default-8b5b6f678277-757\"\n\t\t\t\n\t\t>\n\n<div class=\"sow-image-container\">\n\t\t<img loading=\"lazy\" decoding=\"async\" src=\"https:\/\/www.modelaren.sk\/wp-content\/uploads\/2018\/06\/Kompozity-plastov\u00e9-diely-sklolamin\u00e1t-prepreg-technol\u00f3gialaminovan\u00e9-diely-ru\u010dn\u00e1-lamin\u00e1cia-RTM-technol\u00f3gia-modely-formy-plasty-MDF-formy4.png\" width=\"500\" height=\"375\" srcset=\"https:\/\/www.modelaren.sk\/wp-content\/uploads\/2018\/06\/Kompozity-plastov\u00e9-diely-sklolamin\u00e1t-prepreg-technol\u00f3gialaminovan\u00e9-diely-ru\u010dn\u00e1-lamin\u00e1cia-RTM-technol\u00f3gia-modely-formy-plasty-MDF-formy4.png 500w, https:\/\/www.modelaren.sk\/wp-content\/uploads\/2018\/06\/Kompozity-plastov\u00e9-diely-sklolamin\u00e1t-prepreg-technol\u00f3gialaminovan\u00e9-diely-ru\u010dn\u00e1-lamin\u00e1cia-RTM-technol\u00f3gia-modely-formy-plasty-MDF-formy4-300x225.png 300w, https:\/\/www.modelaren.sk\/wp-content\/uploads\/2018\/06\/Kompozity-plastov\u00e9-diely-sklolamin\u00e1t-prepreg-technol\u00f3gialaminovan\u00e9-diely-ru\u010dn\u00e1-lamin\u00e1cia-RTM-technol\u00f3gia-modely-formy-plasty-MDF-formy4-480x360.png 480w\" sizes=\"auto, (max-width: 500px) 100vw, 500px\" alt=\"\" \t\tclass=\"so-widget-image\"\/>\n\t<\/div>\n\n<\/div><\/div><\/div><\/div><\/div><div id=\"pg-757-1\"  class=\"panel-grid panel-no-style\" ><div id=\"pgc-757-1-0\"  class=\"panel-grid-cell\" ><div id=\"panel-757-1-0-0\" class=\"so-panel widget widget_sow-image panel-first-child panel-last-child\" data-index=\"2\" ><div\n\t\t\t\n\t\t\tclass=\"so-widget-sow-image so-widget-sow-image-default-8b5b6f678277-757\"\n\t\t\t\n\t\t>\n\n<div class=\"sow-image-container\">\n\t\t<img loading=\"lazy\" decoding=\"async\" src=\"https:\/\/www.modelaren.sk\/wp-content\/uploads\/2018\/06\/Kompozity-plastov\u00e9-diely-sklolamin\u00e1t-prepreg-technol\u00f3gialaminovan\u00e9-diely-ru\u010dn\u00e1-lamin\u00e1cia-RTM-technol\u00f3gia-modely-formy-plasty-MDF-formy2.png\" width=\"500\" height=\"282\" srcset=\"https:\/\/www.modelaren.sk\/wp-content\/uploads\/2018\/06\/Kompozity-plastov\u00e9-diely-sklolamin\u00e1t-prepreg-technol\u00f3gialaminovan\u00e9-diely-ru\u010dn\u00e1-lamin\u00e1cia-RTM-technol\u00f3gia-modely-formy-plasty-MDF-formy2.png 500w, https:\/\/www.modelaren.sk\/wp-content\/uploads\/2018\/06\/Kompozity-plastov\u00e9-diely-sklolamin\u00e1t-prepreg-technol\u00f3gialaminovan\u00e9-diely-ru\u010dn\u00e1-lamin\u00e1cia-RTM-technol\u00f3gia-modely-formy-plasty-MDF-formy2-300x169.png 300w, https:\/\/www.modelaren.sk\/wp-content\/uploads\/2018\/06\/Kompozity-plastov\u00e9-diely-sklolamin\u00e1t-prepreg-technol\u00f3gialaminovan\u00e9-diely-ru\u010dn\u00e1-lamin\u00e1cia-RTM-technol\u00f3gia-modely-formy-plasty-MDF-formy2-480x271.png 480w\" sizes=\"auto, (max-width: 500px) 100vw, 500px\" alt=\"\" \t\tclass=\"so-widget-image\"\/>\n\t<\/div>\n\n<\/div><\/div><\/div><div id=\"pgc-757-1-1\"  class=\"panel-grid-cell\" ><div id=\"panel-757-1-1-0\" class=\"so-panel widget widget_sow-image panel-first-child panel-last-child\" data-index=\"3\" ><div\n\t\t\t\n\t\t\tclass=\"so-widget-sow-image so-widget-sow-image-default-8b5b6f678277-757\"\n\t\t\t\n\t\t>\n\n<div class=\"sow-image-container\">\n\t\t<img loading=\"lazy\" decoding=\"async\" src=\"https:\/\/www.modelaren.sk\/wp-content\/uploads\/2018\/06\/Kompozity-plastov\u00e9-diely-sklolamin\u00e1t-prepreg-technol\u00f3gialaminovan\u00e9-diely-ru\u010dn\u00e1-lamin\u00e1cia-RTM-technol\u00f3gia-modely-formy-plasty-MDF-formy1-.png\" width=\"500\" height=\"282\" srcset=\"https:\/\/www.modelaren.sk\/wp-content\/uploads\/2018\/06\/Kompozity-plastov\u00e9-diely-sklolamin\u00e1t-prepreg-technol\u00f3gialaminovan\u00e9-diely-ru\u010dn\u00e1-lamin\u00e1cia-RTM-technol\u00f3gia-modely-formy-plasty-MDF-formy1-.png 500w, https:\/\/www.modelaren.sk\/wp-content\/uploads\/2018\/06\/Kompozity-plastov\u00e9-diely-sklolamin\u00e1t-prepreg-technol\u00f3gialaminovan\u00e9-diely-ru\u010dn\u00e1-lamin\u00e1cia-RTM-technol\u00f3gia-modely-formy-plasty-MDF-formy1--300x169.png 300w, https:\/\/www.modelaren.sk\/wp-content\/uploads\/2018\/06\/Kompozity-plastov\u00e9-diely-sklolamin\u00e1t-prepreg-technol\u00f3gialaminovan\u00e9-diely-ru\u010dn\u00e1-lamin\u00e1cia-RTM-technol\u00f3gia-modely-formy-plasty-MDF-formy1--480x271.png 480w\" sizes=\"auto, (max-width: 500px) 100vw, 500px\" alt=\"\" \t\tclass=\"so-widget-image\"\/>\n\t<\/div>\n\n<\/div><\/div><\/div><div id=\"pgc-757-1-2\"  class=\"panel-grid-cell\" ><div id=\"panel-757-1-2-0\" class=\"so-panel widget widget_sow-image panel-first-child panel-last-child\" data-index=\"4\" ><div\n\t\t\t\n\t\t\tclass=\"so-widget-sow-image so-widget-sow-image-default-8b5b6f678277-757\"\n\t\t\t\n\t\t>\n\n<div class=\"sow-image-container\">\n\t\t<img loading=\"lazy\" decoding=\"async\" src=\"https:\/\/www.modelaren.sk\/wp-content\/uploads\/2018\/06\/Kompozity-plastov\u00e9-diely-sklolamin\u00e1t-prepreg-technol\u00f3gialaminovan\u00e9-diely-ru\u010dn\u00e1-lamin\u00e1cia-RTM-technol\u00f3gia-modely-formy-plasty-MDF-formy-orez\u00e1vacia-forma-kopyto-forma-na-orezanie-plastu.png\" width=\"500\" height=\"375\" srcset=\"https:\/\/www.modelaren.sk\/wp-content\/uploads\/2018\/06\/Kompozity-plastov\u00e9-diely-sklolamin\u00e1t-prepreg-technol\u00f3gialaminovan\u00e9-diely-ru\u010dn\u00e1-lamin\u00e1cia-RTM-technol\u00f3gia-modely-formy-plasty-MDF-formy-orez\u00e1vacia-forma-kopyto-forma-na-orezanie-plastu.png 500w, https:\/\/www.modelaren.sk\/wp-content\/uploads\/2018\/06\/Kompozity-plastov\u00e9-diely-sklolamin\u00e1t-prepreg-technol\u00f3gialaminovan\u00e9-diely-ru\u010dn\u00e1-lamin\u00e1cia-RTM-technol\u00f3gia-modely-formy-plasty-MDF-formy-orez\u00e1vacia-forma-kopyto-forma-na-orezanie-plastu-300x225.png 300w, https:\/\/www.modelaren.sk\/wp-content\/uploads\/2018\/06\/Kompozity-plastov\u00e9-diely-sklolamin\u00e1t-prepreg-technol\u00f3gialaminovan\u00e9-diely-ru\u010dn\u00e1-lamin\u00e1cia-RTM-technol\u00f3gia-modely-formy-plasty-MDF-formy-orez\u00e1vacia-forma-kopyto-forma-na-orezanie-plastu-480x360.png 480w\" sizes=\"auto, (max-width: 500px) 100vw, 500px\" alt=\"\" \t\tclass=\"so-widget-image\"\/>\n\t<\/div>\n\n<\/div><\/div><\/div><\/div><\/div>","protected":false},"excerpt":{"rendered":"<p>Die Herstellung von Verbundwerkstoffen besteht in der Ablagerung von verschiedenen Schichten von Geweben oder Matten auf sich selbst und durch progressive S\u00e4ttigung mit Harz, das als ein Bindemittel dient. Das resultierende Material wird Komposite genannt. Es ist bei der Herstellung von Kleinserienteilen oder f\u00fcr die Fertigung von speziellen Formen f\u00fcr kleine Serien von ca. 250 [&hellip;]<\/p>\n","protected":false},"author":2,"featured_media":404,"parent":0,"menu_order":0,"comment_status":"closed","ping_status":"closed","template":"","meta":{"footnotes":""},"class_list":["post-757","page","type-page","status-publish","has-post-thumbnail","hentry"],"_links":{"self":[{"href":"https:\/\/www.modelaren.sk\/de\/wp-json\/wp\/v2\/pages\/757","targetHints":{"allow":["GET"]}}],"collection":[{"href":"https:\/\/www.modelaren.sk\/de\/wp-json\/wp\/v2\/pages"}],"about":[{"href":"https:\/\/www.modelaren.sk\/de\/wp-json\/wp\/v2\/types\/page"}],"author":[{"embeddable":true,"href":"https:\/\/www.modelaren.sk\/de\/wp-json\/wp\/v2\/users\/2"}],"replies":[{"embeddable":true,"href":"https:\/\/www.modelaren.sk\/de\/wp-json\/wp\/v2\/comments?post=757"}],"version-history":[{"count":16,"href":"https:\/\/www.modelaren.sk\/de\/wp-json\/wp\/v2\/pages\/757\/revisions"}],"predecessor-version":[{"id":925,"href":"https:\/\/www.modelaren.sk\/de\/wp-json\/wp\/v2\/pages\/757\/revisions\/925"}],"wp:featuredmedia":[{"embeddable":true,"href":"https:\/\/www.modelaren.sk\/de\/wp-json\/wp\/v2\/media\/404"}],"wp:attachment":[{"href":"https:\/\/www.modelaren.sk\/de\/wp-json\/wp\/v2\/media?parent=757"}],"curies":[{"name":"wp","href":"https:\/\/api.w.org\/{rel}","templated":true}]}}