{"id":752,"date":"2018-05-17T10:43:40","date_gmt":"2018-05-17T10:43:40","guid":{"rendered":"http:\/\/www.modelaren.sk\/formy-pripravky-kopyta\/"},"modified":"2018-08-28T10:27:44","modified_gmt":"2018-08-28T10:27:44","slug":"formen-vorrichtungen-musterleisten","status":"publish","type":"page","link":"https:\/\/www.modelaren.sk\/de\/formen-vorrichtungen-musterleisten\/","title":{"rendered":"Formen, Vorrichtungen und Musterleisten"},"content":{"rendered":"<div id=\"pl-752\"  class=\"panel-layout\" ><div id=\"pg-752-0\"  class=\"panel-grid panel-has-style\" ><div class=\"panel-row-style panel-row-style-for-752-0\" ><div id=\"pgc-752-0-0\"  class=\"panel-grid-cell\" ><div id=\"panel-752-0-0-0\" class=\"so-panel widget widget_sow-editor panel-first-child panel-last-child\" data-index=\"0\" ><div\n\t\t\t\n\t\t\tclass=\"so-widget-sow-editor so-widget-sow-editor-base\"\n\t\t\t\n\t\t>\n<div class=\"siteorigin-widget-tinymce textwidget\">\n\t<header class=\"has-line\">\n<h2><strong>FORMEN, VORRICHTUNGEN, MUSTERLEISTEN<\/strong><\/h2>\n<\/header>\n<div class=\"content-side-offset\">\n<h3>Herstellung von Formen ist oft sehr kompliziert und erfordert sich professionelle F\u00e4higkeiten und langj\u00e4hrige Erfahrungen.Wir produzieren die Formen f\u00fcr:<\/h3>\n<ul>\n<li>Laminierung<\/li>\n<li>Formlehren<\/li>\n<li>Prototype<\/li>\n<li>Macketten<\/li>\n<li>Entwurfsmodelle<\/li>\n<li>ART Modelle<\/li>\n<\/ul>\n<\/div>\n<\/div>\n<\/div><\/div><\/div><div id=\"pgc-752-0-1\"  class=\"panel-grid-cell\" ><div id=\"panel-752-0-1-0\" class=\"so-panel widget widget_sow-image panel-first-child panel-last-child\" data-index=\"1\" ><div\n\t\t\t\n\t\t\tclass=\"so-widget-sow-image so-widget-sow-image-default-8b5b6f678277-752\"\n\t\t\t\n\t\t>\n\n<div class=\"sow-image-container\">\n\t\t<img loading=\"lazy\" decoding=\"async\" src=\"https:\/\/www.modelaren.sk\/wp-content\/uploads\/2018\/05\/Forma-1-1.png\" width=\"1200\" height=\"800\" srcset=\"https:\/\/www.modelaren.sk\/wp-content\/uploads\/2018\/05\/Forma-1-1.png 1200w, https:\/\/www.modelaren.sk\/wp-content\/uploads\/2018\/05\/Forma-1-1-300x200.png 300w, https:\/\/www.modelaren.sk\/wp-content\/uploads\/2018\/05\/Forma-1-1-768x512.png 768w, https:\/\/www.modelaren.sk\/wp-content\/uploads\/2018\/05\/Forma-1-1-1024x683.png 1024w, https:\/\/www.modelaren.sk\/wp-content\/uploads\/2018\/05\/Forma-1-1-480x320.png 480w, https:\/\/www.modelaren.sk\/wp-content\/uploads\/2018\/05\/Forma-1-1-992x661.png 992w, https:\/\/www.modelaren.sk\/wp-content\/uploads\/2018\/05\/Forma-1-1-272x182.png 272w\" sizes=\"auto, (max-width: 1200px) 100vw, 1200px\" alt=\"\" \t\tclass=\"so-widget-image\"\/>\n\t<\/div>\n\n<\/div><\/div><\/div><\/div><\/div><div id=\"pg-752-1\"  class=\"panel-grid panel-no-style\" ><div id=\"pgc-752-1-0\"  class=\"panel-grid-cell\" ><div id=\"panel-752-1-0-0\" class=\"so-panel widget widget_sow-image panel-first-child panel-last-child\" data-index=\"2\" ><div\n\t\t\t\n\t\t\tclass=\"so-widget-sow-image so-widget-sow-image-default-8b5b6f678277-752\"\n\t\t\t\n\t\t>\n\n<div class=\"sow-image-container\">\n\t\t<img loading=\"lazy\" decoding=\"async\" src=\"https:\/\/www.modelaren.sk\/wp-content\/uploads\/2018\/06\/Hlin\u00edkov\u00e9-formy-hlin\u00edkov\u00e1-forma-Al-forma-fr\u00e9zovanie-hlin\u00edka-model-1.png\" width=\"1000\" height=\"750\" srcset=\"https:\/\/www.modelaren.sk\/wp-content\/uploads\/2018\/06\/Hlin\u00edkov\u00e9-formy-hlin\u00edkov\u00e1-forma-Al-forma-fr\u00e9zovanie-hlin\u00edka-model-1.png 1000w, https:\/\/www.modelaren.sk\/wp-content\/uploads\/2018\/06\/Hlin\u00edkov\u00e9-formy-hlin\u00edkov\u00e1-forma-Al-forma-fr\u00e9zovanie-hlin\u00edka-model-1-300x225.png 300w, https:\/\/www.modelaren.sk\/wp-content\/uploads\/2018\/06\/Hlin\u00edkov\u00e9-formy-hlin\u00edkov\u00e1-forma-Al-forma-fr\u00e9zovanie-hlin\u00edka-model-1-768x576.png 768w, https:\/\/www.modelaren.sk\/wp-content\/uploads\/2018\/06\/Hlin\u00edkov\u00e9-formy-hlin\u00edkov\u00e1-forma-Al-forma-fr\u00e9zovanie-hlin\u00edka-model-1-480x360.png 480w, https:\/\/www.modelaren.sk\/wp-content\/uploads\/2018\/06\/Hlin\u00edkov\u00e9-formy-hlin\u00edkov\u00e1-forma-Al-forma-fr\u00e9zovanie-hlin\u00edka-model-1-992x744.png 992w\" sizes=\"auto, (max-width: 1000px) 100vw, 1000px\" alt=\"\" \t\tclass=\"so-widget-image\"\/>\n\t<\/div>\n\n<\/div><\/div><\/div><div id=\"pgc-752-1-1\"  class=\"panel-grid-cell\" ><div id=\"panel-752-1-1-0\" class=\"so-panel widget widget_sow-image panel-first-child panel-last-child\" data-index=\"3\" ><div\n\t\t\t\n\t\t\tclass=\"so-widget-sow-image so-widget-sow-image-default-8b5b6f678277-752\"\n\t\t\t\n\t\t>\n\n<div class=\"sow-image-container\">\n\t\t<img loading=\"lazy\" decoding=\"async\" src=\"https:\/\/www.modelaren.sk\/wp-content\/uploads\/2018\/06\/Hlin\u00edkov\u00e9-formy-hlin\u00edkov\u00e1-forma-Al-forma-fr\u00e9zovanie-hlin\u00edka-model-2.png\" width=\"460\" height=\"372\" srcset=\"https:\/\/www.modelaren.sk\/wp-content\/uploads\/2018\/06\/Hlin\u00edkov\u00e9-formy-hlin\u00edkov\u00e1-forma-Al-forma-fr\u00e9zovanie-hlin\u00edka-model-2.png 460w, https:\/\/www.modelaren.sk\/wp-content\/uploads\/2018\/06\/Hlin\u00edkov\u00e9-formy-hlin\u00edkov\u00e1-forma-Al-forma-fr\u00e9zovanie-hlin\u00edka-model-2-300x243.png 300w\" sizes=\"auto, (max-width: 460px) 100vw, 460px\" alt=\"\" \t\tclass=\"so-widget-image\"\/>\n\t<\/div>\n\n<\/div><\/div><\/div><div id=\"pgc-752-1-2\"  class=\"panel-grid-cell\" ><div id=\"panel-752-1-2-0\" class=\"so-panel widget widget_sow-image panel-first-child panel-last-child\" data-index=\"4\" ><div\n\t\t\t\n\t\t\tclass=\"so-widget-sow-image so-widget-sow-image-default-8b5b6f678277-752\"\n\t\t\t\n\t\t>\n\n<div class=\"sow-image-container\">\n\t\t<img loading=\"lazy\" decoding=\"async\" src=\"https:\/\/www.modelaren.sk\/wp-content\/uploads\/2018\/06\/Makety-MDF-maketa-formy-dreven\u00e1-forma-MDF-forma-forma-pre-laminovanie-forma-pre-plast.png\" width=\"500\" height=\"271\" srcset=\"https:\/\/www.modelaren.sk\/wp-content\/uploads\/2018\/06\/Makety-MDF-maketa-formy-dreven\u00e1-forma-MDF-forma-forma-pre-laminovanie-forma-pre-plast.png 500w, https:\/\/www.modelaren.sk\/wp-content\/uploads\/2018\/06\/Makety-MDF-maketa-formy-dreven\u00e1-forma-MDF-forma-forma-pre-laminovanie-forma-pre-plast-300x163.png 300w, https:\/\/www.modelaren.sk\/wp-content\/uploads\/2018\/06\/Makety-MDF-maketa-formy-dreven\u00e1-forma-MDF-forma-forma-pre-laminovanie-forma-pre-plast-480x260.png 480w\" sizes=\"auto, (max-width: 500px) 100vw, 500px\" alt=\"\" \t\tclass=\"so-widget-image\"\/>\n\t<\/div>\n\n<\/div><\/div><\/div><\/div><div id=\"pg-752-2\"  class=\"panel-grid panel-has-style\" ><div class=\"siteorigin-panels-stretch panel-row-style panel-row-style-for-752-2\" data-stretch-type=\"full\" ><div id=\"pgc-752-2-0\"  class=\"panel-grid-cell panel-grid-cell-empty\" ><\/div><div id=\"pgc-752-2-1\"  class=\"panel-grid-cell\" ><div id=\"panel-752-2-1-0\" class=\"so-panel widget widget_sow-editor panel-first-child panel-last-child\" data-index=\"5\" ><div\n\t\t\t\n\t\t\tclass=\"so-widget-sow-editor so-widget-sow-editor-base\"\n\t\t\t\n\t\t>\n<div class=\"siteorigin-widget-tinymce textwidget\">\n\t<p>&nbsp;<\/p>\n<p>&nbsp;<\/p>\n<p><strong>Wir produzieren die Formen aus den folgenden Materialen:\u00a0 <\/strong><br \/>\n\u2013 Styrodur<br \/>\n\u2013 MDF<br \/>\n\u2013 Polystyrol EPS, EPP<br \/>\n\u2013 Blockmaterial (d.h. Kunstholz)<br \/>\n\u2013 Aluminium<br \/>\n\u2013 Duraluminium<\/p>\n<p>&nbsp;<\/p>\n<p>&nbsp;<\/p>\n<\/div>\n<\/div><\/div><\/div><\/div><\/div><div id=\"pg-752-3\"  class=\"panel-grid panel-has-style\" ><div class=\"panel-row-style panel-row-style-for-752-3\" ><div id=\"pgc-752-3-0\"  class=\"panel-grid-cell panel-grid-cell-empty\" ><\/div><div id=\"pgc-752-3-1\"  class=\"panel-grid-cell panel-grid-cell-mobile-last\" ><div id=\"panel-752-3-1-0\" class=\"so-panel widget widget_sow-editor panel-first-child panel-last-child\" data-index=\"6\" ><div\n\t\t\t\n\t\t\tclass=\"so-widget-sow-editor so-widget-sow-editor-base\"\n\t\t\t\n\t\t>\n<div class=\"siteorigin-widget-tinymce textwidget\">\n\t<h2 style=\"text-align: center;\"><strong>\u201e<\/strong><strong>Die Formen werden auf den 5-achsenen CNC-Maschinenzentren produziert<\/strong><strong>\u201d<\/strong><\/h2>\n<\/div>\n<\/div><\/div><\/div><div id=\"pgc-752-3-2\"  class=\"panel-grid-cell panel-grid-cell-empty\" ><\/div><\/div><\/div><\/div>","protected":false},"excerpt":{"rendered":"<p>FORMEN, VORRICHTUNGEN, MUSTERLEISTEN Herstellung von Formen ist oft sehr kompliziert und erfordert sich professionelle F\u00e4higkeiten und langj\u00e4hrige Erfahrungen.Wir produzieren die Formen f\u00fcr: Laminierung Formlehren Prototype Macketten Entwurfsmodelle ART Modelle<\/p>\n","protected":false},"author":3,"featured_media":404,"parent":0,"menu_order":0,"comment_status":"closed","ping_status":"closed","template":"","meta":{"footnotes":""},"class_list":["post-752","page","type-page","status-publish","has-post-thumbnail","hentry"],"_links":{"self":[{"href":"https:\/\/www.modelaren.sk\/de\/wp-json\/wp\/v2\/pages\/752","targetHints":{"allow":["GET"]}}],"collection":[{"href":"https:\/\/www.modelaren.sk\/de\/wp-json\/wp\/v2\/pages"}],"about":[{"href":"https:\/\/www.modelaren.sk\/de\/wp-json\/wp\/v2\/types\/page"}],"author":[{"embeddable":true,"href":"https:\/\/www.modelaren.sk\/de\/wp-json\/wp\/v2\/users\/3"}],"replies":[{"embeddable":true,"href":"https:\/\/www.modelaren.sk\/de\/wp-json\/wp\/v2\/comments?post=752"}],"version-history":[{"count":7,"href":"https:\/\/www.modelaren.sk\/de\/wp-json\/wp\/v2\/pages\/752\/revisions"}],"predecessor-version":[{"id":879,"href":"https:\/\/www.modelaren.sk\/de\/wp-json\/wp\/v2\/pages\/752\/revisions\/879"}],"wp:featuredmedia":[{"embeddable":true,"href":"https:\/\/www.modelaren.sk\/de\/wp-json\/wp\/v2\/media\/404"}],"wp:attachment":[{"href":"https:\/\/www.modelaren.sk\/de\/wp-json\/wp\/v2\/media?parent=752"}],"curies":[{"name":"wp","href":"https:\/\/api.w.org\/{rel}","templated":true}]}}