{"id":734,"date":"2018-05-17T08:24:24","date_gmt":"2018-05-17T08:24:24","guid":{"rendered":"http:\/\/www.modelaren.sk\/modelove-zariadenia\/"},"modified":"2018-09-24T07:49:34","modified_gmt":"2018-09-24T07:49:34","slug":"giessereimodellbau","status":"publish","type":"page","link":"https:\/\/www.modelaren.sk\/de\/giessereimodellbau\/","title":{"rendered":"Giessereimodellbau"},"content":{"rendered":"<div id=\"pl-734\"  class=\"panel-layout\" ><div id=\"pg-734-0\"  class=\"panel-grid panel-has-style\" ><div class=\"panel-row-style panel-row-style-for-734-0\" ><div id=\"pgc-734-0-0\"  class=\"panel-grid-cell\" ><div id=\"panel-734-0-0-0\" class=\"so-panel widget widget_sow-editor panel-first-child panel-last-child\" data-index=\"0\" ><div\n\t\t\t\n\t\t\tclass=\"so-widget-sow-editor so-widget-sow-editor-base\"\n\t\t\t\n\t\t>\n<div class=\"siteorigin-widget-tinymce textwidget\">\n\t<header class=\"has-line\">\n<h2 class=\"content-section-title\">MODELLANLAGEN<br \/>\n\/GIESSEREIMODELLBAU<\/h2>\n<\/header>\n<div class=\"content-side-offset\">\n<h3>Wir produzieren die Giessereimodellbau f\u00fcr die St\u00fcck- und Serienproduktion<\/h3>\n<ul>\n<li>Wir produzieren die Modelleinrichtungen einschlie\u00dflich Kernkasten f\u00fcr die Schaffung der Kerne.<\/li>\n<li>Die Produktion ist in \u00dcbereinstimmung mit der Norm DIN (\u010cSN) EN 12890, gem\u00e4\u00df der Anforderungen des Kunden und gem\u00e4\u00df der kompletten \u00a0Gie\u00dftechnologie.<\/li>\n<li>Es ist m\u00f6glich, die Modelle auch nach den existierten besch\u00e4digten Gussst\u00fccken herzustellen, und zwar mit Hilfe der Methode von Reverse Engineering (3D-Scanning).<\/li>\n<li>Wir produzieren von kleinen Abmessungen bis die gro\u00dfen Modelleinrichtungen.<\/li>\n<\/ul>\n<\/div>\n<\/div>\n<\/div><\/div><\/div><div id=\"pgc-734-0-1\"  class=\"panel-grid-cell\" ><div id=\"panel-734-0-1-0\" class=\"so-panel widget widget_sow-image panel-first-child panel-last-child\" data-index=\"1\" ><div\n\t\t\t\n\t\t\tclass=\"so-widget-sow-image so-widget-sow-image-default-8b5b6f678277-734\"\n\t\t\t\n\t\t>\n\n<div class=\"sow-image-container\">\n\t\t<img loading=\"lazy\" decoding=\"async\" src=\"https:\/\/www.modelaren.sk\/wp-content\/uploads\/2018\/05\/Model-1-e1527492559544.png\" width=\"1200\" height=\"800\" sizes=\"auto, (max-width: 1200px) 100vw, 1200px\" alt=\"\" \t\tclass=\"so-widget-image\"\/>\n\t<\/div>\n\n<\/div><\/div><\/div><\/div><\/div><div id=\"pg-734-1\"  class=\"panel-grid panel-no-style\" ><div id=\"pgc-734-1-0\"  class=\"panel-grid-cell\" ><div id=\"panel-734-1-0-0\" class=\"so-panel widget widget_sow-image panel-first-child panel-last-child\" data-index=\"2\" ><div\n\t\t\t\n\t\t\tclass=\"so-widget-sow-image so-widget-sow-image-default-8b5b6f678277-734\"\n\t\t\t\n\t\t>\n\n<div class=\"sow-image-container\">\n\t\t<img loading=\"lazy\" decoding=\"async\" src=\"https:\/\/www.modelaren.sk\/wp-content\/uploads\/2018\/06\/Modelov\u00e9-zariadenie-zlievarensk\u00fd-model-model-odliatky-odliatok-model\u00e1re\u0148-formy-forma-jadern\u00edk-jadern\u00edky-jadro-2.png\" width=\"700\" height=\"667\" srcset=\"https:\/\/www.modelaren.sk\/wp-content\/uploads\/2018\/06\/Modelov\u00e9-zariadenie-zlievarensk\u00fd-model-model-odliatky-odliatok-model\u00e1re\u0148-formy-forma-jadern\u00edk-jadern\u00edky-jadro-2.png 700w, https:\/\/www.modelaren.sk\/wp-content\/uploads\/2018\/06\/Modelov\u00e9-zariadenie-zlievarensk\u00fd-model-model-odliatky-odliatok-model\u00e1re\u0148-formy-forma-jadern\u00edk-jadern\u00edky-jadro-2-300x286.png 300w, https:\/\/www.modelaren.sk\/wp-content\/uploads\/2018\/06\/Modelov\u00e9-zariadenie-zlievarensk\u00fd-model-model-odliatky-odliatok-model\u00e1re\u0148-formy-forma-jadern\u00edk-jadern\u00edky-jadro-2-480x457.png 480w\" sizes=\"auto, (max-width: 700px) 100vw, 700px\" alt=\"\" \t\tclass=\"so-widget-image\"\/>\n\t<\/div>\n\n<\/div><\/div><\/div><div id=\"pgc-734-1-1\"  class=\"panel-grid-cell\" ><div id=\"panel-734-1-1-0\" class=\"so-panel widget widget_sow-image panel-first-child panel-last-child\" data-index=\"3\" ><div\n\t\t\t\n\t\t\tclass=\"so-widget-sow-image so-widget-sow-image-default-8b5b6f678277-734\"\n\t\t\t\n\t\t>\n\n<div class=\"sow-image-container\">\n\t\t<img loading=\"lazy\" decoding=\"async\" src=\"https:\/\/www.modelaren.sk\/wp-content\/uploads\/2018\/06\/Modelov\u00e9-zariadenie-zlievarensk\u00fd-model-model-odliatky-odliatok-model\u00e1re\u0148-formy-forma-jadern\u00edk-jadern\u00edky-jadro-3.png\" width=\"700\" height=\"529\" srcset=\"https:\/\/www.modelaren.sk\/wp-content\/uploads\/2018\/06\/Modelov\u00e9-zariadenie-zlievarensk\u00fd-model-model-odliatky-odliatok-model\u00e1re\u0148-formy-forma-jadern\u00edk-jadern\u00edky-jadro-3.png 700w, https:\/\/www.modelaren.sk\/wp-content\/uploads\/2018\/06\/Modelov\u00e9-zariadenie-zlievarensk\u00fd-model-model-odliatky-odliatok-model\u00e1re\u0148-formy-forma-jadern\u00edk-jadern\u00edky-jadro-3-300x227.png 300w, https:\/\/www.modelaren.sk\/wp-content\/uploads\/2018\/06\/Modelov\u00e9-zariadenie-zlievarensk\u00fd-model-model-odliatky-odliatok-model\u00e1re\u0148-formy-forma-jadern\u00edk-jadern\u00edky-jadro-3-480x363.png 480w\" sizes=\"auto, (max-width: 700px) 100vw, 700px\" alt=\"\" \t\tclass=\"so-widget-image\"\/>\n\t<\/div>\n\n<\/div><\/div><\/div><div id=\"pgc-734-1-2\"  class=\"panel-grid-cell\" ><div id=\"panel-734-1-2-0\" class=\"so-panel widget widget_sow-image panel-first-child panel-last-child\" data-index=\"4\" ><div\n\t\t\t\n\t\t\tclass=\"so-widget-sow-image so-widget-sow-image-default-8b5b6f678277-734\"\n\t\t\t\n\t\t>\n\n<div class=\"sow-image-container\">\n\t\t<img loading=\"lazy\" decoding=\"async\" src=\"https:\/\/www.modelaren.sk\/wp-content\/uploads\/2018\/06\/Modelov\u00e9-zariadenie-zlievarensk\u00fd-model-model-odliatky-odliatok-model\u00e1re\u0148-formy-forma-jadern\u00edk-jadern\u00edky-jadro-1.png\" width=\"700\" height=\"567\" srcset=\"https:\/\/www.modelaren.sk\/wp-content\/uploads\/2018\/06\/Modelov\u00e9-zariadenie-zlievarensk\u00fd-model-model-odliatky-odliatok-model\u00e1re\u0148-formy-forma-jadern\u00edk-jadern\u00edky-jadro-1.png 700w, https:\/\/www.modelaren.sk\/wp-content\/uploads\/2018\/06\/Modelov\u00e9-zariadenie-zlievarensk\u00fd-model-model-odliatky-odliatok-model\u00e1re\u0148-formy-forma-jadern\u00edk-jadern\u00edky-jadro-1-300x243.png 300w, https:\/\/www.modelaren.sk\/wp-content\/uploads\/2018\/06\/Modelov\u00e9-zariadenie-zlievarensk\u00fd-model-model-odliatky-odliatok-model\u00e1re\u0148-formy-forma-jadern\u00edk-jadern\u00edky-jadro-1-480x389.png 480w\" sizes=\"auto, (max-width: 700px) 100vw, 700px\" alt=\"\" \t\tclass=\"so-widget-image\"\/>\n\t<\/div>\n\n<\/div><\/div><\/div><\/div><div id=\"pg-734-2\"  class=\"panel-grid panel-has-style\" ><div class=\"siteorigin-panels-stretch panel-row-style panel-row-style-for-734-2\" data-stretch-type=\"full\" ><div id=\"pgc-734-2-0\"  class=\"panel-grid-cell panel-grid-cell-empty\" ><\/div><div id=\"pgc-734-2-1\"  class=\"panel-grid-cell\" ><div id=\"panel-734-2-1-0\" class=\"so-panel widget widget_sow-editor panel-first-child panel-last-child\" data-index=\"5\" ><div\n\t\t\t\n\t\t\tclass=\"so-widget-sow-editor so-widget-sow-editor-base\"\n\t\t\t\n\t\t>\n<div class=\"siteorigin-widget-tinymce textwidget\">\n\t<p>&nbsp;<\/p>\n<p>&nbsp;<\/p>\n<p><strong>Wir <\/strong><strong>produzieren die <span lang=\"DE\">Modelleinrichtungen<\/span> aus den folgenden Materialen:<\/strong><br \/>\n- Holz,<br \/>\n- Metall,<br \/>\n- Blockmaterial,<br \/>\n- Gusswerkstoffe,<br \/>\n- Epoxidwerkstoffe,<br \/>\n- EPS, EPP Polystyrol.<br \/>\n<strong>Wir <\/strong><strong>produzieren die <span lang=\"DE\">Modelleinrichtungen<\/span> f\u00fcr das Formen:<\/strong><br \/>\n- manuelle,<br \/>\n- automatische Formungslinien DISA, HWS, SAVELLI, F\u00dcRROMAT, GEORG<br \/>\nFISCHER, K\u00dcNKEL-WAGNER.<br \/>\n<strong>Herstellung von Kernk\u00e4sten f\u00fcr die Schaffung von Kernen ist der Anteil der Herstellung von den <span lang=\"DE\">Modelleinrichtungen<\/span>.<\/strong><br \/>\n<strong>Formung:<\/strong><br \/>\n-\u00a0manuelle,<br \/>\n- maschinell LAEMPE LL10,LL20.<br \/>\n<strong>Erstellen des dimensionalen Protokolls ist eine Selbstverst\u00e4ndlichkeit.<\/strong><\/p>\n<p>&nbsp;<\/p>\n<p>&nbsp;<\/p>\n<\/div>\n<\/div><\/div><\/div><\/div><\/div><div id=\"pg-734-3\"  class=\"panel-grid panel-has-style\" ><div class=\"panel-row-style panel-row-style-for-734-3\" ><div id=\"pgc-734-3-0\"  class=\"panel-grid-cell panel-grid-cell-empty\" ><\/div><div id=\"pgc-734-3-1\"  class=\"panel-grid-cell panel-grid-cell-mobile-last\" ><div id=\"panel-734-3-1-0\" class=\"so-panel widget widget_sow-editor panel-first-child panel-last-child\" data-index=\"6\" ><div\n\t\t\t\n\t\t\tclass=\"so-widget-sow-editor so-widget-sow-editor-base\"\n\t\t\t\n\t\t>\n<div class=\"siteorigin-widget-tinymce textwidget\">\n\t<h2 style=\"text-align: center;\"><strong>\u201eMit unseren <span lang=\"DE\">Modelleinrichtungen<\/span> werden Ihre Gussst\u00fccke in der besten Qualit\u00e4t sein\u201d<\/strong><\/h2>\n<\/div>\n<\/div><\/div><\/div><div id=\"pgc-734-3-2\"  class=\"panel-grid-cell panel-grid-cell-empty\" ><\/div><\/div><\/div><\/div>","protected":false},"excerpt":{"rendered":"<p>MODELLANLAGEN \/GIESSEREIMODELLBAU Wir produzieren die Giessereimodellbau f\u00fcr die St\u00fcck- und Serienproduktion Wir produzieren die Modelleinrichtungen einschlie\u00dflich Kernkasten f\u00fcr die Schaffung der Kerne. Die Produktion ist in \u00dcbereinstimmung mit der Norm DIN (\u010cSN) EN 12890, gem\u00e4\u00df der Anforderungen des Kunden und gem\u00e4\u00df der kompletten \u00a0Gie\u00dftechnologie. Es ist m\u00f6glich, die Modelle auch nach den existierten besch\u00e4digten Gussst\u00fccken [&hellip;]<\/p>\n","protected":false},"author":3,"featured_media":404,"parent":0,"menu_order":0,"comment_status":"closed","ping_status":"closed","template":"","meta":{"footnotes":""},"class_list":["post-734","page","type-page","status-publish","has-post-thumbnail","hentry"],"_links":{"self":[{"href":"https:\/\/www.modelaren.sk\/de\/wp-json\/wp\/v2\/pages\/734","targetHints":{"allow":["GET"]}}],"collection":[{"href":"https:\/\/www.modelaren.sk\/de\/wp-json\/wp\/v2\/pages"}],"about":[{"href":"https:\/\/www.modelaren.sk\/de\/wp-json\/wp\/v2\/types\/page"}],"author":[{"embeddable":true,"href":"https:\/\/www.modelaren.sk\/de\/wp-json\/wp\/v2\/users\/3"}],"replies":[{"embeddable":true,"href":"https:\/\/www.modelaren.sk\/de\/wp-json\/wp\/v2\/comments?post=734"}],"version-history":[{"count":21,"href":"https:\/\/www.modelaren.sk\/de\/wp-json\/wp\/v2\/pages\/734\/revisions"}],"predecessor-version":[{"id":951,"href":"https:\/\/www.modelaren.sk\/de\/wp-json\/wp\/v2\/pages\/734\/revisions\/951"}],"wp:featuredmedia":[{"embeddable":true,"href":"https:\/\/www.modelaren.sk\/de\/wp-json\/wp\/v2\/media\/404"}],"wp:attachment":[{"href":"https:\/\/www.modelaren.sk\/de\/wp-json\/wp\/v2\/media?parent=734"}],"curies":[{"name":"wp","href":"https:\/\/api.w.org\/{rel}","templated":true}]}}