{"id":720,"date":"2018-05-11T12:00:15","date_gmt":"2018-05-11T12:00:15","guid":{"rendered":"http:\/\/www.modelaren.sk\/o-nas\/"},"modified":"2018-09-21T14:21:26","modified_gmt":"2018-09-21T14:21:26","slug":"ueber-uns","status":"publish","type":"page","link":"https:\/\/www.modelaren.sk\/de\/ueber-uns\/","title":{"rendered":"\u00dcber uns"},"content":{"rendered":"<div id=\"pl-720\"  class=\"panel-layout\" ><div id=\"pg-720-0\"  class=\"panel-grid panel-no-style\" ><div id=\"pgc-720-0-0\"  class=\"panel-grid-cell\" ><div id=\"panel-720-0-0-0\" class=\"so-panel widget widget_sow-editor panel-first-child panel-last-child\" data-index=\"0\" ><div\n\t\t\t\n\t\t\tclass=\"so-widget-sow-editor so-widget-sow-editor-base\"\n\t\t\t\n\t\t>\n<div class=\"siteorigin-widget-tinymce textwidget\">\n\t<header class=\"has-line\">\n<h2 class=\"content-section-title\"><strong>\u00dcBER DIE GESELLSCHAFT <\/strong><br \/>\nModel\u00e1re\u0148 s.r.o.<\/h2>\n<\/header>\n<div class=\"content-side-offset\">\n<p>In der Gesellschaft Model\u00e1re\u0148 s.r.o. sind wir im Bereich der Herstellung von St\u00fcck- und <span lang=\"DE\">Serieneinrichtungen<\/span>, Formen, Kompositen, Gussst\u00fccken und als auch in den komplexen Lieferungen von Finalprodukten, einschlie\u00dflich aller Herstellungsschritte, t\u00e4tig. Unsere Herstellungsprozesse beinhalten die modernsten Technologien - von CAD\/CAM Programmierung, Engineering, 5-achsen Fr\u00e4sen und 3D-Druck bis zu 3D-Scanning.<\/p>\n<p>Wir sind f\u00e4hig, auf Wunsche und Bed\u00fcrfnisse unserer Kunden schnell und flexible zu reagieren. Langfristige Erfahrungen und professionelle Kenntnisse unserer Mitarbeiter sind Voraussetzung f\u00fcr die Herstellung von genauen <span lang=\"DE\">Modell<\/span><span lang=\"DE\">einrichtungen<\/span>, Formen oder Gussst\u00fccken.<\/p>\n<p><strong>ISO Zertifikat:<\/strong><br \/>\n<style type=\"text\/css\">\r\n\t#foogallery-gallery-328 .fg-image {\r\n        width: 150px;\r\n    }\r\n<\/style>\r\n\t\t\t\t<div class=\"foogallery foogallery-container foogallery-default foogallery-lightbox-foobox fg-gutter-0 fg-left fg-default fg-light fg-border-thin fg-shadow-outline fg-loading-default fg-loaded-fade-in fg-caption-hover fg-hover-fade fg-hover-zoom fg-ready\" id=\"foogallery-gallery-328\" data-foogallery=\"{&quot;item&quot;:{&quot;showCaptionTitle&quot;:true,&quot;showCaptionDescription&quot;:true},&quot;lazy&quot;:true}\" >\r\n\t<div class=\"fg-item fg-type-image fg-idle\"><figure class=\"fg-item-inner\"><a href=\"https:\/\/www.modelaren.sk\/wp-content\/uploads\/2018\/05\/Modelaren_certificate_EN.jpg\" data-attachment-id=\"1114\" data-type=\"image\" class=\"fg-thumb\"><span class=\"fg-image-wrap\"><img decoding=\"async\" width=\"150\" height=\"200\" class=\"skip-lazy fg-image\" data-src-fg=\"https:\/\/www.modelaren.sk\/wp-content\/uploads\/cache\/2018\/05\/Modelaren_certificate_EN\/3921986048.jpg\" data-srcset-fg=\"https:\/\/www.modelaren.sk\/wp-content\/uploads\/cache\/2018\/05\/Modelaren_certificate_EN\/381472845.jpg 2x\" src=\"data:image\/svg+xml,%3Csvg%20xmlns%3D%22http%3A%2F%2Fwww.w3.org%2F2000%2Fsvg%22%20width%3D%22150%22%20height%3D%22200%22%20viewBox%3D%220%200%20150%20200%22%3E%3C%2Fsvg%3E\" loading=\"eager\"><\/span><span class=\"fg-image-overlay\"><\/span><\/a><figcaption class=\"fg-caption\"><div class=\"fg-caption-inner\"><\/div><\/figcaption><\/figure><div class=\"fg-loader\"><\/div><\/div><\/div>\r\n<\/p>\n<\/div>\n<\/div>\n<\/div><\/div><\/div><div id=\"pgc-720-0-1\"  class=\"panel-grid-cell\" ><div id=\"panel-720-0-1-0\" class=\"so-panel widget widget_sow-image panel-first-child\" data-index=\"1\" ><div\n\t\t\t\n\t\t\tclass=\"so-widget-sow-image so-widget-sow-image-default-8b5b6f678277-720\"\n\t\t\t\n\t\t>\n\n<div class=\"sow-image-container\">\n\t\t<img loading=\"lazy\" decoding=\"async\" src=\"https:\/\/www.modelaren.sk\/wp-content\/uploads\/2018\/05\/Firma-1.jpg\" width=\"1400\" height=\"857\" srcset=\"https:\/\/www.modelaren.sk\/wp-content\/uploads\/2018\/05\/Firma-1.jpg 1400w, https:\/\/www.modelaren.sk\/wp-content\/uploads\/2018\/05\/Firma-1-300x184.jpg 300w, https:\/\/www.modelaren.sk\/wp-content\/uploads\/2018\/05\/Firma-1-768x470.jpg 768w, https:\/\/www.modelaren.sk\/wp-content\/uploads\/2018\/05\/Firma-1-1024x627.jpg 1024w, https:\/\/www.modelaren.sk\/wp-content\/uploads\/2018\/05\/Firma-1-480x294.jpg 480w, https:\/\/www.modelaren.sk\/wp-content\/uploads\/2018\/05\/Firma-1-992x607.jpg 992w, https:\/\/www.modelaren.sk\/wp-content\/uploads\/2018\/05\/Firma-1-1200x735.jpg 1200w\" sizes=\"auto, (max-width: 1400px) 100vw, 1400px\" alt=\"\" \t\tclass=\"so-widget-image\"\/>\n\t<\/div>\n\n<\/div><\/div><div id=\"panel-720-0-1-1\" class=\"so-panel widget widget_sow-editor panel-last-child\" data-index=\"2\" ><div\n\t\t\t\n\t\t\tclass=\"so-widget-sow-editor so-widget-sow-editor-base\"\n\t\t\t\n\t\t>\n<div class=\"siteorigin-widget-tinymce textwidget\">\n\t<p class=\"big\"><strong>Um das Vertrauen unserer Kunden zu erhalten, garantieren wir hohe Qualit\u00e4t unserer Produkte und Zuverl\u00e4ssigkeit unserer Dienstleistungen.<\/strong><\/p>\n<\/div>\n<\/div><\/div><\/div><\/div><\/div>","protected":false},"excerpt":{"rendered":"<p>\u00dcBER DIE GESELLSCHAFT Model\u00e1re\u0148 s.r.o. In der Gesellschaft Model\u00e1re\u0148 s.r.o. sind wir im Bereich der Herstellung von St\u00fcck- und Serieneinrichtungen, Formen, Kompositen, Gussst\u00fccken und als auch in den komplexen Lieferungen von Finalprodukten, einschlie\u00dflich aller Herstellungsschritte, t\u00e4tig. Unsere Herstellungsprozesse beinhalten die modernsten Technologien &#8211; von CAD\/CAM Programmierung, Engineering, 5-achsen Fr\u00e4sen und 3D-Druck bis zu 3D-Scanning. Wir [&hellip;]<\/p>\n","protected":false},"author":1,"featured_media":404,"parent":0,"menu_order":0,"comment_status":"closed","ping_status":"closed","template":"page-about-us.php","meta":{"footnotes":""},"class_list":["post-720","page","type-page","status-publish","has-post-thumbnail","hentry"],"_links":{"self":[{"href":"https:\/\/www.modelaren.sk\/de\/wp-json\/wp\/v2\/pages\/720","targetHints":{"allow":["GET"]}}],"collection":[{"href":"https:\/\/www.modelaren.sk\/de\/wp-json\/wp\/v2\/pages"}],"about":[{"href":"https:\/\/www.modelaren.sk\/de\/wp-json\/wp\/v2\/types\/page"}],"author":[{"embeddable":true,"href":"https:\/\/www.modelaren.sk\/de\/wp-json\/wp\/v2\/users\/1"}],"replies":[{"embeddable":true,"href":"https:\/\/www.modelaren.sk\/de\/wp-json\/wp\/v2\/comments?post=720"}],"version-history":[{"count":14,"href":"https:\/\/www.modelaren.sk\/de\/wp-json\/wp\/v2\/pages\/720\/revisions"}],"predecessor-version":[{"id":938,"href":"https:\/\/www.modelaren.sk\/de\/wp-json\/wp\/v2\/pages\/720\/revisions\/938"}],"wp:featuredmedia":[{"embeddable":true,"href":"https:\/\/www.modelaren.sk\/de\/wp-json\/wp\/v2\/media\/404"}],"wp:attachment":[{"href":"https:\/\/www.modelaren.sk\/de\/wp-json\/wp\/v2\/media?parent=720"}],"curies":[{"name":"wp","href":"https:\/\/api.w.org\/{rel}","templated":true}]}}